{"id":162,"date":"2017-06-02T09:49:43","date_gmt":"2017-06-02T08:49:43","guid":{"rendered":"http:\/\/e-learning.cesga.es\/observatorioel\/?page_id=162"},"modified":"2017-06-06T09:46:51","modified_gmt":"2017-06-06T08:46:51","slug":"contacto","status":"publish","type":"page","link":"https:\/\/e-learning.cesga.es\/observatorioel\/contacto\/","title":{"rendered":"Contacto"},"content":{"rendered":"<p>A Rede Galega de E-learning plant\u00e9xase como unha aposta cara \u00f3 futuro, para que dentro do seu seno poidan xurdir proxectos e iniciativas conxuntas e as\u00ed poder servir como plataforma din\u00e1mica que contrib\u00faa o desenvolvemento do sector en Galicia.<\/p>\n<p>Esta rede conta inicialmente coas seguintes ferramentas:<\/p>\n<ul>\n<li>Lista de distribuci\u00f3n sobre e-learning en Galicia: tr\u00e1tase dunha lista de distribuci\u00f3n moderada \u00e1 que calquera persoa se pode subscribir para poder acceder \u00e1 informaci\u00f3n que se xenere.<\/li>\n<li>Conta de <a href=\"https:\/\/www.facebook.com\/elearningcesga\/?ref=bookmarks\" target=\"_blank\" rel=\"noopener noreferrer\">Facebook<\/a> e <a href=\"https:\/\/twitter.com\/elearningcesga\" target=\"_blank\" rel=\"noopener noreferrer\">Twitter <\/a><\/li>\n<\/ul>\n<p>O Observatorio Galego de E-Learning \u00e9 un servizo proporcionado polo Centro de Supercomputaci\u00f3n de Galicia (CESGA). Pode po\u00f1erse en contacto con n\u00f3s a trav\u00e9s de correo electr\u00f3nico (<a href=\"mailto:e-learning@cesga.es\">e-learning@cesga.es<\/a>).<\/p>\n","protected":false},"excerpt":{"rendered":"<p>A Rede Galega de E-learning plant\u00e9xase como unha aposta cara \u00f3 futuro, para que dentro do seu seno poidan xurdir proxectos e iniciativas conxuntas e as\u00ed poder servir como plataforma din\u00e1mica que contrib\u00faa o desenvolvemento do sector en Galicia. Esta rede conta inicialmente coas seguintes ferramentas: Lista de distribuci\u00f3n sobre e-learning en Galicia: tr\u00e1tase dunha &hellip; <a href=\"https:\/\/e-learning.cesga.es\/observatorioel\/contacto\/\" class=\"more-link\">Seguir lendo <span class=\"screen-reader-text\">Contacto<\/span> <span class=\"meta-nav\">&rarr;<\/span><\/a><\/p>\n","protected":false},"author":6,"featured_media":0,"parent":0,"menu_order":0,"comment_status":"closed","ping_status":"closed","template":"","meta":{"_mi_skip_tracking":false},"_links":{"self":[{"href":"https:\/\/e-learning.cesga.es\/observatorioel\/wp-json\/wp\/v2\/pages\/162"}],"collection":[{"href":"https:\/\/e-learning.cesga.es\/observatorioel\/wp-json\/wp\/v2\/pages"}],"about":[{"href":"https:\/\/e-learning.cesga.es\/observatorioel\/wp-json\/wp\/v2\/types\/page"}],"author":[{"embeddable":true,"href":"https:\/\/e-learning.cesga.es\/observatorioel\/wp-json\/wp\/v2\/users\/6"}],"replies":[{"embeddable":true,"href":"https:\/\/e-learning.cesga.es\/observatorioel\/wp-json\/wp\/v2\/comments?post=162"}],"version-history":[{"count":8,"href":"https:\/\/e-learning.cesga.es\/observatorioel\/wp-json\/wp\/v2\/pages\/162\/revisions"}],"predecessor-version":[{"id":190,"href":"https:\/\/e-learning.cesga.es\/observatorioel\/wp-json\/wp\/v2\/pages\/162\/revisions\/190"}],"wp:attachment":[{"href":"https:\/\/e-learning.cesga.es\/observatorioel\/wp-json\/wp\/v2\/media?parent=162"}],"curies":[{"name":"wp","href":"https:\/\/api.w.org\/{rel}","templated":true}]}}