{"id":16,"date":"2017-05-04T09:54:20","date_gmt":"2017-05-04T08:54:20","guid":{"rendered":"http:\/\/e-learning.cesga.es\/observatorioel\/?page_id=16"},"modified":"2018-01-11T09:41:05","modified_gmt":"2018-01-11T08:41:05","slug":"obxetivos","status":"publish","type":"page","link":"https:\/\/e-learning.cesga.es\/observatorioel\/","title":{"rendered":"Observatorio Galego de E-Learning"},"content":{"rendered":"<p class=\"texto\" align=\"justify\">O <strong>Observatorio Galego de E-learning<\/strong> naceu no 2005 como proxecto para monitorizar e\u00a0 analizar o\u00a0 uso das Tecnolox\u00edas da Informaci\u00f3n e a Comunicaci\u00f3n no \u00e1mbito da educaci\u00f3n e a formaci\u00f3n en Galicia, mediante a identificaci\u00f3n, catalogaci\u00f3n e an\u00e1lise das pr\u00e1cticas existentes, servicios dispo\u00f1ibles, axentes p\u00fablicos e privados que desenvolven un labor no campo da investigaci\u00f3n e innovaci\u00f3n na \u00e1rea de e-learning en Galicia.<\/p>\n<p class=\"texto\" align=\"justify\">Neste proxecto configurouse un grupo de traballo interdisciplinar integrado por profesionais das tres universidades galegas e\u00a0 do sector empresarial galego.<\/p>\n<p class=\"texto\" align=\"justify\"><img decoding=\"async\" loading=\"lazy\" class=\"size-medium wp-image-184 alignright\" src=\"http:\/\/e-learning.cesga.es\/observatorioel\/wp-content\/uploads\/sites\/4\/2017\/05\/Libro_ObsELE-300x275.jpg\" alt=\"\" width=\"300\" height=\"275\" srcset=\"https:\/\/e-learning.cesga.es\/observatorioel\/wp-content\/uploads\/sites\/4\/2017\/05\/Libro_ObsELE-300x275.jpg 300w, https:\/\/e-learning.cesga.es\/observatorioel\/wp-content\/uploads\/sites\/4\/2017\/05\/Libro_ObsELE.jpg 389w\" sizes=\"(max-width: 300px) 100vw, 300px\" \/>Como resultado deste traballo xurd\u00edu unha <a href=\"https:\/\/e-learning.cesga.es\/observatorioel\/buscar-grupo\/\">base de datos en li\u00f1a con informaci\u00f3n sobre os grupos de investigaci\u00f3n<\/a> e <a href=\"https:\/\/e-learning.cesga.es\/observatorioel\/buscar-empresa\/\">empresas proveedoras de servizos de e-learning<\/a> galegas ou con sede en Galicia. Pode descargar dende esta p\u00e1xina o informe completo (<a href=\"http:\/\/e-learning.cesga.es\/observatorioel\/wp-content\/uploads\/sites\/4\/2017\/05\/DO_ELE_InformeFinalObsEL_ga.pdf\">PDF en galego<\/a> e <a href=\"http:\/\/e-learning.cesga.es\/observatorioel\/wp-content\/uploads\/sites\/4\/2017\/05\/DO_ELE_InformeFinalObsEL_ca.pdf\">castel\u00e1n<\/a>) da iniciativa, e o seu resumo executivo (<a href=\"http:\/\/e-learning.cesga.es\/observatorioel\/wp-content\/uploads\/sites\/4\/2017\/05\/DO_ELE_ResumoExecutivoObsEL_ga.pdf\">PDF en galego<\/a> e <a href=\"http:\/\/e-learning.cesga.es\/observatorioel\/wp-content\/uploads\/sites\/4\/2017\/05\/DO_ELE_ResumoExecutivoObsEL_ca.pdf.pdf\">castel\u00e1n<\/a>).<\/p>\n<p class=\"texto\" align=\"justify\">Dende o ano 2012 a iniciativa est\u00e1 tam\u00e9n vencellada \u00e1 <a href=\"http:\/\/www.telgalicia.es\" target=\"_blank\" rel=\"noopener noreferrer\">Rede TELGalicia<\/a>, a Rede de E-learning en Galicia, liderada dende a Universidade de Vigo por Manuel Caeiro Rodr\u00edguez do grupo de investigaci\u00f3n ET1-GIST, e na que participan grupos de investigaci\u00f3n das 3 universidades e o propio CESGA.<\/p>\n<p class=\"texto\" align=\"justify\">O Observatorio Galego de E-learning pretende continuar o traballo de ofrecer un espacio com\u00fan e ser un punto de encontro para o intercambio de informaci\u00f3n sobre experiencias innovadoras, acerca de metodolox\u00edas de ensino-aprendizaxe con TIC, tecnolox\u00edas de \u00faltima xeraci\u00f3n, etc. entre profesionais, docentes de todas as etapas educativas e investigadores en e-learning en Galicia, as\u00ed como ofertar servizos \u00e1 investigaci\u00f3n neste eido na nosa comunidade.<\/p>\n","protected":false},"excerpt":{"rendered":"<p>O Observatorio Galego de E-learning naceu no 2005 como proxecto para monitorizar e\u00a0 analizar o\u00a0 uso das Tecnolox\u00edas da Informaci\u00f3n e a Comunicaci\u00f3n no \u00e1mbito da educaci\u00f3n e a formaci\u00f3n en Galicia, mediante a identificaci\u00f3n, catalogaci\u00f3n e an\u00e1lise das pr\u00e1cticas existentes, servicios dispo\u00f1ibles, axentes p\u00fablicos e privados que desenvolven un labor no campo da investigaci\u00f3n &hellip; <a href=\"https:\/\/e-learning.cesga.es\/observatorioel\/\" class=\"more-link\">Seguir lendo <span class=\"screen-reader-text\">Observatorio Galego de E-Learning<\/span> <span class=\"meta-nav\">&rarr;<\/span><\/a><\/p>\n","protected":false},"author":1,"featured_media":0,"parent":0,"menu_order":0,"comment_status":"closed","ping_status":"closed","template":"","meta":{"_mi_skip_tracking":false},"_links":{"self":[{"href":"https:\/\/e-learning.cesga.es\/observatorioel\/wp-json\/wp\/v2\/pages\/16"}],"collection":[{"href":"https:\/\/e-learning.cesga.es\/observatorioel\/wp-json\/wp\/v2\/pages"}],"about":[{"href":"https:\/\/e-learning.cesga.es\/observatorioel\/wp-json\/wp\/v2\/types\/page"}],"author":[{"embeddable":true,"href":"https:\/\/e-learning.cesga.es\/observatorioel\/wp-json\/wp\/v2\/users\/1"}],"replies":[{"embeddable":true,"href":"https:\/\/e-learning.cesga.es\/observatorioel\/wp-json\/wp\/v2\/comments?post=16"}],"version-history":[{"count":18,"href":"https:\/\/e-learning.cesga.es\/observatorioel\/wp-json\/wp\/v2\/pages\/16\/revisions"}],"predecessor-version":[{"id":192,"href":"https:\/\/e-learning.cesga.es\/observatorioel\/wp-json\/wp\/v2\/pages\/16\/revisions\/192"}],"wp:attachment":[{"href":"https:\/\/e-learning.cesga.es\/observatorioel\/wp-json\/wp\/v2\/media?parent=16"}],"curies":[{"name":"wp","href":"https:\/\/api.w.org\/{rel}","templated":true}]}}