{"id":82,"date":"2017-03-08T10:35:34","date_gmt":"2017-03-08T09:35:34","guid":{"rendered":"http:\/\/e-learning.cesga.es\/multisite\/ictgogirls\/?page_id=82"},"modified":"2023-04-21T13:35:17","modified_gmt":"2023-04-21T11:35:17","slug":"proyecto","status":"publish","type":"page","link":"https:\/\/e-learning.cesga.es\/ictgogirls\/proyecto\/","title":{"rendered":"O proxecto ICT-Go-Girls!"},"content":{"rendered":"<p><span class=\"tlid-translation translation\" lang=\"gl\">Con esta iniciativa, un consorcio europeo liderado polo CESGA dese\u00f1ou, levou a cabo e avaliou un innovador programa para mellorar as habilidades empresariais entre as rapazas de secundaria, a trav\u00e9s do uso das TIC como elemento clave. TIC-Go-Girls! Est\u00e1 dirixido a capacitar \u00e1s rapazas cos co\u00f1ecementos, habilidades e valores para axudalas a crear oportunidades futuras de innovaci\u00f3n e calidade no emprego relacionado coas TIC.<\/span><\/p>\n<p>Neste proxecto participaron actores relevantes deste sector (escolas, universidades, instituci\u00f3ns de formaci\u00f3n de profesores, centros de investigaci\u00f3n TIC, administraci\u00f3ns educativas) en Europa e no exterior para combinar esforzos para propo\u00f1er unha metodolox\u00eda eficaz para abordar este problema e con conexi\u00f3ns con Maximizar o impacto da iniciativa nos seus pa\u00edses e en Europa. A s\u00faa metodolox\u00eda e actividades te\u00f1en como obxectivo directamente apoiar a consecuci\u00f3n de varias competencias clave para a aprendizaxe permanente como se recolle no Marco Europeo entre as rapazas de secundaria, principalmente: emprendemento, competencia dixital, alfabetizaci\u00f3n matem\u00e1tica e comunicaci\u00f3n en linguas estranxeiras.<\/p>\n<h3><span class=\"tlid-translation translation\" lang=\"gl\">\u00bfAs nenas poden emprender na escola? Que \u00e9 un\/ha empresario\/a?<\/span><\/h3>\n<p><span class=\"tlid-translation translation\" lang=\"gl\">Un &#8220;empresario\/&#8221; toma todo o relacionado coa innovaci\u00f3n, as finanzas e a visi\u00f3n empresarial nun esforzo para transformar as innovaci\u00f3ns en bens econ\u00f3micos. Cando se leva a un nivel escolar, cremos que para ter emprendedores\/as novos \u00e9 necesario proporcionar co\u00f1ecemento ao entusiasmo dos nenos e ensinarlles a desenvolver o seu pensamento cr\u00edtico xunto coa s\u00faa imaxinaci\u00f3n. Isto levar\u00e1 a ideas novas e \u00fatiles que sorprender\u00e1n a todos e que poden transformalas en emprendedores\/as.<\/span><\/p>\n<h3><span class=\"tlid-translation translation\" lang=\"gl\">Obxectivos<\/span><\/h3>\n<ul>\n<li><span class=\"tlid-translation translation\" lang=\"gl\">Mellorar as habilidades emprendedoras entre as rapazas de secundaria<\/span><\/li>\n<li><span class=\"tlid-translation translation\" lang=\"gl\">Dese\u00f1ar unha metodolox\u00eda e kit de aprendizaxe para centros de ensino secundario para promover as TIC e o emprendemento entre os seus alumnos, especialmente as nenas.<\/span><\/li>\n<li><span class=\"tlid-translation translation\" lang=\"gl\">Mellorar as metodolox\u00edas educativas e proporcionarlles habilidades e ferramentas para esta promoci\u00f3n.<\/span><\/li>\n<li><span class=\"tlid-translation translation\" lang=\"gl\">Amosar o potencial de empoderamento das TIC \u00e1s nenas no momento dos seus futuros estudos e opci\u00f3ns de traballo.<\/span><\/li>\n<li><span class=\"tlid-translation translation\" lang=\"gl\">Mellorar as habilidades transversais: iniciativa, traballo en equipo, aprendizaxe de idiomas &#8230;<\/span><\/li>\n<li><span class=\"tlid-translation translation\" lang=\"gl\">Motivar a cooperaci\u00f3n entre o mundo da empresa e a educaci\u00f3n.<\/span><\/li>\n<li><span class=\"tlid-translation translation\" lang=\"gl\"><span class=\"tlid-translation translation\" lang=\"gl\">Dese\u00f1ar un plan de sustentabilidade que implique empresas, instituci\u00f3ns relacionadas coas TIC e administraci\u00f3ns para crear unha rede estable para alcanzar os obxectivos do proxecto a nivel europeo.<\/span><\/span>Cremos que as TIC poden proporcionar un ambiente de motivaci\u00f3n e motivaci\u00f3n flexible para motivar \u00e1s mulleres novas nas s\u00faas futuras opci\u00f3ns, estudos e traballos.<\/li>\n<\/ul>\n","protected":false},"excerpt":{"rendered":"<p>Con esta iniciativa, un consorcio europeo liderado polo CESGA dese\u00f1ou, levou a cabo e avaliou un innovador programa para mellorar as habilidades empresariais entre as rapazas de secundaria, a trav\u00e9s do uso das TIC como elemento clave. TIC-Go-Girls! Est\u00e1 dirixido a capacitar \u00e1s rapazas cos co\u00f1ecementos, habilidades e valores para axudalas a crear oportunidades futuras de innovaci\u00f3n e calidade no [&hellip;]<\/p>\n","protected":false},"author":1,"featured_media":0,"parent":0,"menu_order":0,"comment_status":"closed","ping_status":"closed","template":"","meta":{"_mi_skip_tracking":false},"_links":{"self":[{"href":"https:\/\/e-learning.cesga.es\/ictgogirls\/wp-json\/wp\/v2\/pages\/82"}],"collection":[{"href":"https:\/\/e-learning.cesga.es\/ictgogirls\/wp-json\/wp\/v2\/pages"}],"about":[{"href":"https:\/\/e-learning.cesga.es\/ictgogirls\/wp-json\/wp\/v2\/types\/page"}],"author":[{"embeddable":true,"href":"https:\/\/e-learning.cesga.es\/ictgogirls\/wp-json\/wp\/v2\/users\/1"}],"replies":[{"embeddable":true,"href":"https:\/\/e-learning.cesga.es\/ictgogirls\/wp-json\/wp\/v2\/comments?post=82"}],"version-history":[{"count":9,"href":"https:\/\/e-learning.cesga.es\/ictgogirls\/wp-json\/wp\/v2\/pages\/82\/revisions"}],"predecessor-version":[{"id":2876,"href":"https:\/\/e-learning.cesga.es\/ictgogirls\/wp-json\/wp\/v2\/pages\/82\/revisions\/2876"}],"wp:attachment":[{"href":"https:\/\/e-learning.cesga.es\/ictgogirls\/wp-json\/wp\/v2\/media?parent=82"}],"curies":[{"name":"wp","href":"https:\/\/api.w.org\/{rel}","templated":true}]}}