{"id":592,"date":"2018-04-27T09:38:55","date_gmt":"2018-04-27T09:38:55","guid":{"rendered":"https:\/\/e-learning.cesga.es\/ictgogirls\/?page_id=592"},"modified":"2021-02-12T10:34:10","modified_gmt":"2021-02-12T09:34:10","slug":"apuntastech","status":"publish","type":"page","link":"https:\/\/e-learning.cesga.es\/ictgogirls\/dia-rapazas-nas-tic\/apuntastech\/","title":{"rendered":"{:es}Concurso #ApuntasTech?{:}{:gl}Bases concurso RapazasNasTIC{:}"},"content":{"rendered":"<p>{:es}<\/p>\n<h4><span style=\"color: #008000;\">CONCURSO #APUNTASTECH?<\/span><\/h4>\n<h2><span style=\"color: #800080;\">AVISO IMPORTANTE:<\/span><\/h2>\n<p><img decoding=\"async\" loading=\"lazy\" class=\"wp-image-1869 alignleft\" src=\"https:\/\/e-learning.cesga.es\/ictgogirls\/wp-content\/uploads\/sites\/2\/2020\/04\/virus-300x300.png\" alt=\"\" width=\"143\" height=\"143\" srcset=\"https:\/\/e-learning.cesga.es\/ictgogirls\/wp-content\/uploads\/sites\/2\/2020\/04\/virus-300x300.png 300w, https:\/\/e-learning.cesga.es\/ictgogirls\/wp-content\/uploads\/sites\/2\/2020\/04\/virus-150x150.png 150w, https:\/\/e-learning.cesga.es\/ictgogirls\/wp-content\/uploads\/sites\/2\/2020\/04\/virus.png 512w\" sizes=\"(max-width: 143px) 100vw, 143px\" \/>Debido a la situaci\u00f3n derivada del estado de alarma por el COVID-19, hemos decidido<strong> cancelar esta edici\u00f3n del concurso #ApuntasTECH?<\/strong> y posponer su celebraci\u00f3n a la edici\u00f3n del a\u00f1o 2022.<\/p>\n<p>Agradecemos vuestra participaci\u00f3n en el mismo, y os animamos a que present\u00e9is vuestras ideas en la pr\u00f3xima edici\u00f3n. As\u00ed mismo, tambi\u00e9n pod\u00e9is participar en el evento virtual del D\u00eda das Rapazas nas TIC el d\u00eda 22. Toda la informaci\u00f3n actualizada, <a href=\"https:\/\/e-learning.cesga.es\/ictgogirls\/dia-rapazas-nas-tic\/\">en la secci\u00f3n del evento<\/a>.{:}{:en}This information is just available in Spanish and Galician.<br \/>\n[gdoc class=&#8221;wp-block-table is-style-stripes non-col-1&#8243; key=&#8221;wordpress&#8221; linkify=yes query=&#8221;SELECT (@cnt := @cnt + 1)AS orden, Edicion AS Edition, Grupo AS Category, Puesto AS Place, Titulo AS Title, Autores AS Authors, Origen AS Origin, Enlace AS Link, Etiquetas AS Labels FROM wp_2_resultados CROSS JOIN (SELECT @cnt := 0)AS cero ORDER BY id&#8221;]{:}{:gl}<\/p>\n<h2><span style=\"color: #008000;\">Concurso #ApuntasTECH?<\/span><\/h2>\n<h2><span style=\"color: #800080;\">AVISO IMPORTANTE:<\/span><\/h2>\n<p><img decoding=\"async\" loading=\"lazy\" class=\"wp-image-1869 alignleft\" src=\"https:\/\/e-learning.cesga.es\/ictgogirls\/wp-content\/uploads\/sites\/2\/2020\/04\/virus-300x300.png\" alt=\"\" width=\"143\" height=\"143\" srcset=\"https:\/\/e-learning.cesga.es\/ictgogirls\/wp-content\/uploads\/sites\/2\/2020\/04\/virus-300x300.png 300w, https:\/\/e-learning.cesga.es\/ictgogirls\/wp-content\/uploads\/sites\/2\/2020\/04\/virus-150x150.png 150w, https:\/\/e-learning.cesga.es\/ictgogirls\/wp-content\/uploads\/sites\/2\/2020\/04\/virus.png 512w\" sizes=\"(max-width: 143px) 100vw, 143px\" \/>Debido \u00e1 situaci\u00f3n derivada do estado de alarma polo COVID-19, a organizaci\u00f3n decidimos<strong> cancelar esta edici\u00f3n do concurso #ApuntasTECH?<\/strong> e posponer a s\u00faa celebraci\u00f3n \u00e1 edici\u00f3n do ano 2022.<\/p>\n<p>Agradecemos a vosa participaci\u00f3n no mesmo, e vos animamos a que presentedes as vosas ideas na pr\u00f3xima edici\u00f3n. Por outra banda, non vos perdades participar no evento virtual do D\u00eda das Rapazas nas TIC o\u00a0 d\u00eda 22 de abril. Toda a informaci\u00f3n actualizada, <a href=\"https:\/\/e-learning.cesga.es\/ictgogirls\/dia-rapazas-nas-tic\/\">na secci\u00f3n do evento.<\/a>{:}<\/p>\n","protected":false},"excerpt":{"rendered":"<p>{:es} CONCURSO #APUNTASTECH? AVISO IMPORTANTE: Debido a la situaci\u00f3n derivada del estado de alarma por el COVID-19, hemos decidido cancelar esta edici\u00f3n del concurso #ApuntasTECH? y posponer su celebraci\u00f3n a la edici\u00f3n del a\u00f1o 2022. Agradecemos vuestra participaci\u00f3n en el mismo, y os animamos a que present\u00e9is vuestras ideas en la pr\u00f3xima edici\u00f3n. As\u00ed mismo, tambi\u00e9n pod\u00e9is participar en el [&hellip;]<\/p>\n","protected":false},"author":5,"featured_media":1571,"parent":160,"menu_order":0,"comment_status":"closed","ping_status":"closed","template":"","meta":{"_mi_skip_tracking":false},"_links":{"self":[{"href":"https:\/\/e-learning.cesga.es\/ictgogirls\/wp-json\/wp\/v2\/pages\/592"}],"collection":[{"href":"https:\/\/e-learning.cesga.es\/ictgogirls\/wp-json\/wp\/v2\/pages"}],"about":[{"href":"https:\/\/e-learning.cesga.es\/ictgogirls\/wp-json\/wp\/v2\/types\/page"}],"author":[{"embeddable":true,"href":"https:\/\/e-learning.cesga.es\/ictgogirls\/wp-json\/wp\/v2\/users\/5"}],"replies":[{"embeddable":true,"href":"https:\/\/e-learning.cesga.es\/ictgogirls\/wp-json\/wp\/v2\/comments?post=592"}],"version-history":[{"count":125,"href":"https:\/\/e-learning.cesga.es\/ictgogirls\/wp-json\/wp\/v2\/pages\/592\/revisions"}],"predecessor-version":[{"id":1984,"href":"https:\/\/e-learning.cesga.es\/ictgogirls\/wp-json\/wp\/v2\/pages\/592\/revisions\/1984"}],"up":[{"embeddable":true,"href":"https:\/\/e-learning.cesga.es\/ictgogirls\/wp-json\/wp\/v2\/pages\/160"}],"wp:featuredmedia":[{"embeddable":true,"href":"https:\/\/e-learning.cesga.es\/ictgogirls\/wp-json\/wp\/v2\/media\/1571"}],"wp:attachment":[{"href":"https:\/\/e-learning.cesga.es\/ictgogirls\/wp-json\/wp\/v2\/media?parent=592"}],"curies":[{"name":"wp","href":"https:\/\/api.w.org\/{rel}","templated":true}]}}