{"id":422,"date":"2017-04-26T07:55:36","date_gmt":"2017-04-26T07:55:36","guid":{"rendered":"https:\/\/e-learning.cesga.es\/ictgogirls\/?page_id=422"},"modified":"2023-04-21T13:10:48","modified_gmt":"2023-04-21T11:10:48","slug":"recursos","status":"publish","type":"page","link":"https:\/\/e-learning.cesga.es\/ictgogirls\/dia-rapazas-nas-tic\/recursos\/","title":{"rendered":"Recursos D\u00eda das Rapazas nas TIC"},"content":{"rendered":"\n<div style=\"text-align: justify;\">\n<p>Nesta p\u00e1xina reunimos alg\u00fans dos materias e recursos que utilizamos nos nosos talleres do CESGA para traballar coas tecnolox\u00edas de forma divertida e diversa. Coidamos que vos gusten!<\/p>\n<ul>\n<li><a href=\"#visita\">Visita ao supercomputador Finis Terrae II<\/a><\/li>\n<li><a href=\"#pixelart\">Taller pixel art\/perlas de pl\u00e1stico<\/a><\/li>\n<li><a href=\"#booktrailers\">Taller booktrailers<\/a><\/li>\n<li><a href=\"#scratch\">Taller Scratch<\/a><\/li>\n<li><a href=\"#robotica\">Taller rob\u00f3tica<\/a><\/li>\n<li><a href=\"#papercraft\">Papercraft: modelos hist\u00f3ricos de ordenadores e consolas<\/a><\/li>\n<\/ul>\n<p>Se tedes d\u00fabidas ou comentarios, enviadenos un correo a <a href=\"mailto:e-learning@cesga.es\">e-learning@cesga.es<\/a><\/p>\n<\/div>\n\n\n\n<h2 class=\"wp-block-heading\">Visita Finisterrae II<\/h2>\n\n\n\n<p>FinisTerrae II \u00e9 o superordenador do CESGA. \u00c9 o segundo m\u00e1is potente do pa\u00eds, e unha ferramenta fundamental para investigadoras\/es galegos e do Consejo Superior de Investigaciones Cient\u00edficas (CSIC), adem\u00e1is de outros centros espa\u00f1ois e europeos que fan uso dos seus recursos participando en proxectos conxuntos.<\/p>\n\n\n\n<p>O voso centro <a href=\"https:\/\/www.cesga.es\/cesga\/visitas-al-centro\/\" target=\"_blank\" rel=\"noopener\">pode vir velo<\/a> en directo, estaremos encantadas\/os de recibirvos.<\/p>\n\n\n<div class=\"wp-block-image\">\n<figure class=\"aligncenter\"><img decoding=\"async\" loading=\"lazy\" width=\"1024\" height=\"412\" src=\"https:\/\/e-learning.cesga.es\/ictgogirls\/wp-content\/uploads\/sites\/2\/2021\/03\/FinisTerrae-CESGA-1-1024x412.jpg\" alt=\"CPD del CESGA. FinisTerrae II\" class=\"wp-image-2301\" srcset=\"https:\/\/e-learning.cesga.es\/ictgogirls\/wp-content\/uploads\/sites\/2\/2021\/03\/FinisTerrae-CESGA-1-1024x412.jpg 1024w, https:\/\/e-learning.cesga.es\/ictgogirls\/wp-content\/uploads\/sites\/2\/2021\/03\/FinisTerrae-CESGA-1-300x121.jpg 300w, https:\/\/e-learning.cesga.es\/ictgogirls\/wp-content\/uploads\/sites\/2\/2021\/03\/FinisTerrae-CESGA-1-768x309.jpg 768w, https:\/\/e-learning.cesga.es\/ictgogirls\/wp-content\/uploads\/sites\/2\/2021\/03\/FinisTerrae-CESGA-1.jpg 1200w\" sizes=\"(max-width: 1024px) 100vw, 1024px\" \/><\/figure><\/div>\n\n\n<p>Se non podes vir en persona, invit\u00e1mosche a que fagas esta <a href=\"https:\/\/www.google.es\/maps\/place\/Centro+de+Supercomputaci%C3%B3n+de+Galicia\/@42.8754212,-8.5533314,3a,75y,304h,90t\/data=%213m8%211e1%213m6%211sg_2ojS0abLcAAAQvxaSQSQ%212e0%213e2%216s%2F%2Fgeo3.ggpht.com%2Fcbk%3Fpanoid%3Dg_2ojS0abLcAAAQvxaSQSQ%26output%3Dthumbnail%26cb_client%3Dsearch.TACTILE.gps%26thumb%3D2%26w%3D129%26h%3D106%26yaw%3D304.33203%26pitch%3D0%26thumbfov%3D100%217i13312%218i6656%214m5%213m4%211s0xd2efe6b18df4601:0x9f7546a6084d6057%218m2%213d42.87574%214d-8.553262%216m1%211e1?hl=es\" target=\"_blank\" rel=\"noopener noreferrer\">visita virtual ao CESGA<\/a>.<\/p>\n\n\n\n<p>Para aproveitar a visita, os\/as m\u00e1is peques, poden descargar esta&nbsp; <a href=\"https:\/\/e-learning.cesga.es\/ictgogirls\/wp-content\/uploads\/sites\/2\/2017\/04\/Ficha_visitaCESGA_peques_2.pdf\" target=\"_blank\" rel=\"noopener noreferrer\">Ficha sobre o CESGA para nen@s<\/a><\/p>\n\n\n\n<h2 class=\"wp-block-heading\">Taller pixel art\/perlas de pl\u00e1stico<\/h2>\n\n\n\n<p>Para este taller utilizamos un programa que nos permite crear os nosos dise\u00f1os con p\u00edxeles (debuxo en 8 bits, como os ordenadores antiguos). \u00c9 \u00e9ste: <a href=\"https:\/\/e-learning.cesga.es\/pixihama\" target=\"_blank\" rel=\"noopener noreferrer\">Dese\u00f1ador pixel art\/hama beads<\/a><\/p>\n\n\n\n<p>Podemos comezar a debuxar directamente, ou cargar unha imaxe para que a &#8220;converta&#8221; a debuxo en p\u00edxeles. Aqu\u00ed tes unhas <a href=\"https:\/\/e-learning.cesga.es\/ictgogirls\/wp-content\/uploads\/sites\/2\/2017\/04\/imagenes_muestra_pixihama.zip\" target=\"_blank\" rel=\"noopener noreferrer\">imaxes de exemplo<\/a> se queres probar a facelo. Unha vez te\u00f1amos o noso debuxo, podemos imprimilo, descargalo, etc.<\/p>\n\n\n<div class=\"wp-block-image\">\n<figure class=\"alignleft\"><img decoding=\"async\" loading=\"lazy\" width=\"300\" height=\"225\" src=\"https:\/\/e-learning.cesga.es\/ictgogirls\/wp-content\/uploads\/sites\/2\/2017\/04\/hamas_cuenco-300x225.jpg\" alt=\"\" class=\"wp-image-433\" srcset=\"https:\/\/e-learning.cesga.es\/ictgogirls\/wp-content\/uploads\/sites\/2\/2017\/04\/hamas_cuenco-300x225.jpg 300w, https:\/\/e-learning.cesga.es\/ictgogirls\/wp-content\/uploads\/sites\/2\/2017\/04\/hamas_cuenco.jpg 500w\" sizes=\"(max-width: 300px) 100vw, 300px\" \/><\/figure><\/div>\n\n\n<p>\u00a1Agora chega a parte anal\u00f3xica! Utilizaremos unhas pezas que se venden en moitas papeler\u00edas, tendas de xoguetes, etc. Se co\u00f1ecen<\/p>\n\n\n\n<p>como perlas de pl\u00e1stico, perlas de planchar, perler, hama beads&#8230; Aqu\u00ed tendes, por exemplo, a <a href=\"http:\/\/www.hama.dk\/carta-de-colores-4\/\" target=\"_blank\" rel=\"noopener noreferrer\">tabla de cores oficial de Hama Beads.<\/a><\/p>\n\n\n\n<p>Estas pieci\u00f1as de cores as colocamos nunha plantilla de pl\u00e1stico con pinchi\u00f1os de acordo ao dise\u00f1o que fixemos. Unha vez terminado o dise\u00f1o, s\u00f3 nos queda po\u00f1er un papel de forno enriba da nosa figura, e pasarlle a prancha (\u00a1ollo, peques fac\u00e9deo coa axuda dun\/dunha adult@!). E listo \u00a1xa temos o noso estupendo dise\u00f1o pixel-art en pl\u00e1stico resistente!<\/p>\n\n\n<div class=\"wp-block-image\">\n<figure class=\"aligncenter\"><img decoding=\"async\" loading=\"lazy\" width=\"300\" height=\"263\" src=\"https:\/\/e-learning.cesga.es\/ictgogirls\/wp-content\/uploads\/sites\/2\/2017\/03\/pixihama-300x263.jpg\" alt=\"\" class=\"wp-image-378\" srcset=\"https:\/\/e-learning.cesga.es\/ictgogirls\/wp-content\/uploads\/sites\/2\/2017\/03\/pixihama-300x263.jpg 300w, https:\/\/e-learning.cesga.es\/ictgogirls\/wp-content\/uploads\/sites\/2\/2017\/03\/pixihama.jpg 500w\" sizes=\"(max-width: 300px) 100vw, 300px\" \/><\/figure><\/div>\n\n\n<h2 class=\"wp-block-heading\">Taller Scratch<\/h2>\n\n\n<div class=\"wp-block-image\">\n<figure class=\"aligncenter\"><img decoding=\"async\" loading=\"lazy\" width=\"300\" height=\"225\" src=\"https:\/\/e-learning.cesga.es\/ictgogirls\/wp-content\/uploads\/sites\/2\/2017\/04\/logo-scratch-300x225.png\" alt=\"\" class=\"wp-image-452\" srcset=\"https:\/\/e-learning.cesga.es\/ictgogirls\/wp-content\/uploads\/sites\/2\/2017\/04\/logo-scratch-300x225.png 300w, https:\/\/e-learning.cesga.es\/ictgogirls\/wp-content\/uploads\/sites\/2\/2017\/04\/logo-scratch.png 640w\" sizes=\"(max-width: 300px) 100vw, 300px\" \/><\/figure><\/div>\n\n\n<p><a href=\"https:\/\/scratch.mit.edu\/about\" target=\"_blank\" rel=\"noopener noreferrer\">Scratch<\/a> \u00e9 unha linguaxe de programaci\u00f3n moi sencillo para que todos poidamos comezar a crear as nosas animaci\u00f3ns, xogos, m\u00fasica&#8230;\u00a1o que se te ocurra!<\/p>\n\n\n\n<p>O programa podes instalalo nun ordenador ou tablet, ou incluso usalo dende cualqueira navegador web. No seu <a href=\"https:\/\/scratch.mit.edu\/explore\/projects\/all\" target=\"_blank\" rel=\"noopener noreferrer\">sitio web oficial<\/a> podemos atopar diferentes <a href=\"https:\/\/scratch.mit.edu\/explore\/projects\/all\" target=\"_blank\" rel=\"noopener noreferrer\">contribuci\u00f3ns da comunidade<\/a>, que poderemos probar en vivo dende la propia p\u00e1xina.<\/p>\n\n\n\n<p>Aqu\u00ed tes unhas <a href=\"https:\/\/e-learning.cesga.es\/ictgogirls\/wp-content\/uploads\/sites\/2\/2017\/04\/Scratch2Cards.pdf\">fichas de actividades<\/a> moi divertidas e f\u00e1ciles para comezar. Podes descargalas e imprimilas.<\/p>\n\n\n\n<h2 class=\"wp-block-heading\">Taller rob\u00f3tica<\/h2>\n\n\n\n<p>Neste taller ensinamos as posibilidades da rob\u00f3tica a trav\u00e9s duns sencillos robots que creamos no noso departamento.<\/p>\n\n\n<div class=\"wp-block-image\">\n<figure class=\"alignright\"><img decoding=\"async\" loading=\"lazy\" width=\"225\" height=\"300\" src=\"https:\/\/e-learning.cesga.es\/ictgogirls\/wp-content\/uploads\/sites\/2\/2017\/04\/IMG_20170330_114333-225x300.jpg\" alt=\"\" class=\"wp-image-466\" srcset=\"https:\/\/e-learning.cesga.es\/ictgogirls\/wp-content\/uploads\/sites\/2\/2017\/04\/IMG_20170330_114333-225x300.jpg 225w, https:\/\/e-learning.cesga.es\/ictgogirls\/wp-content\/uploads\/sites\/2\/2017\/04\/IMG_20170330_114333-768x1024.jpg 768w, https:\/\/e-learning.cesga.es\/ictgogirls\/wp-content\/uploads\/sites\/2\/2017\/04\/IMG_20170330_114333-1200x1600.jpg 1200w\" sizes=\"(max-width: 225px) 100vw, 225px\" \/><\/figure><\/div>\n\n\n<p>Estos robots son capaces de seguir l\u00edneas no chan de forma aut\u00f3noma, e evitar obst\u00e1culos que atopen no cami\u00f1o. Adem\u00e1is, se poden controlar a trav\u00e9s dunha app para m\u00f3biles android.<\/p>\n\n\n\n<p>Podedes f\u00e1cilmente construir estos robots nas vosas casas seguindo os manuais e indicaci\u00f3ns que poderedes atopar a continuaci\u00f3n.<\/p>\n\n\n\n<p>As pezas necesarias para construir estos robots foron impresas na nosa impresora 3D e p\u00f3dense atopar para a s\u00faa descarga no seguinte enlace:<br><a href=\"http:\/\/www.thingiverse.com\/thing:1011890\">http:\/\/www.thingiverse.com\/thing:1011890<\/a><\/p>\n\n\n<div class=\"wp-block-image\">\n<figure class=\"alignleft\"><img decoding=\"async\" loading=\"lazy\" width=\"300\" height=\"225\" src=\"https:\/\/e-learning.cesga.es\/ictgogirls\/wp-content\/uploads\/sites\/2\/2017\/04\/IMG_20170420_165041-300x225.jpg\" alt=\"\" class=\"wp-image-467\" srcset=\"https:\/\/e-learning.cesga.es\/ictgogirls\/wp-content\/uploads\/sites\/2\/2017\/04\/IMG_20170420_165041-300x225.jpg 300w, https:\/\/e-learning.cesga.es\/ictgogirls\/wp-content\/uploads\/sites\/2\/2017\/04\/IMG_20170420_165041-768x576.jpg 768w, https:\/\/e-learning.cesga.es\/ictgogirls\/wp-content\/uploads\/sites\/2\/2017\/04\/IMG_20170420_165041-1024x768.jpg 1024w, https:\/\/e-learning.cesga.es\/ictgogirls\/wp-content\/uploads\/sites\/2\/2017\/04\/IMG_20170420_165041-1200x900.jpg 1200w\" sizes=\"(max-width: 300px) 100vw, 300px\" \/><\/figure><\/div>\n\n\n<p>A electr\u00f3nica, basada nun microcontrolador Arduino, \u00e9 moi simple. No seguinte esquema ensin\u00e1moste como podes ensamblar todos os compo\u00f1entes.<\/p>\n\n\n\n<p><a href=\"https:\/\/tecnopatafisica.com\/tecno3eso\/teoria\/robotica\/105-arduino-robot-siguelineas\">[Ligaz\u00f3n externa]<\/a><\/p>\n","protected":false},"excerpt":{"rendered":"<p>Nesta p\u00e1xina reunimos alg\u00fans dos materias e recursos que utilizamos nos nosos talleres do CESGA para traballar coas tecnolox\u00edas de forma divertida e diversa. Coidamos que vos gusten! Visita ao supercomputador Finis Terrae II Taller pixel art\/perlas de pl\u00e1stico Taller booktrailers Taller Scratch Taller rob\u00f3tica Papercraft: modelos hist\u00f3ricos de ordenadores e consolas Se tedes d\u00fabidas ou comentarios, enviadenos un correo [&hellip;]<\/p>\n","protected":false},"author":1,"featured_media":0,"parent":160,"menu_order":0,"comment_status":"closed","ping_status":"closed","template":"","meta":{"_mi_skip_tracking":false},"_links":{"self":[{"href":"https:\/\/e-learning.cesga.es\/ictgogirls\/wp-json\/wp\/v2\/pages\/422"}],"collection":[{"href":"https:\/\/e-learning.cesga.es\/ictgogirls\/wp-json\/wp\/v2\/pages"}],"about":[{"href":"https:\/\/e-learning.cesga.es\/ictgogirls\/wp-json\/wp\/v2\/types\/page"}],"author":[{"embeddable":true,"href":"https:\/\/e-learning.cesga.es\/ictgogirls\/wp-json\/wp\/v2\/users\/1"}],"replies":[{"embeddable":true,"href":"https:\/\/e-learning.cesga.es\/ictgogirls\/wp-json\/wp\/v2\/comments?post=422"}],"version-history":[{"count":41,"href":"https:\/\/e-learning.cesga.es\/ictgogirls\/wp-json\/wp\/v2\/pages\/422\/revisions"}],"predecessor-version":[{"id":2862,"href":"https:\/\/e-learning.cesga.es\/ictgogirls\/wp-json\/wp\/v2\/pages\/422\/revisions\/2862"}],"up":[{"embeddable":true,"href":"https:\/\/e-learning.cesga.es\/ictgogirls\/wp-json\/wp\/v2\/pages\/160"}],"wp:attachment":[{"href":"https:\/\/e-learning.cesga.es\/ictgogirls\/wp-json\/wp\/v2\/media?parent=422"}],"curies":[{"name":"wp","href":"https:\/\/api.w.org\/{rel}","templated":true}]}}