{"id":3389,"date":"2025-03-06T10:09:31","date_gmt":"2025-03-06T09:09:31","guid":{"rendered":"https:\/\/e-learning.cesga.es\/ictgogirls\/?page_id=3389"},"modified":"2026-03-06T11:57:20","modified_gmt":"2026-03-06T10:57:20","slug":"xiii-girls-in-ict-day-2","status":"publish","type":"page","link":"https:\/\/e-learning.cesga.es\/ictgogirls\/en\/xiii-girls-in-ict-day-2\/","title":{"rendered":"XIV Girls in ICT Day &#8211; 2026"},"content":{"rendered":"\n<figure class=\"wp-block-image size-full is-resized\" id=\"anchor\"><img decoding=\"async\" loading=\"lazy\" src=\"https:\/\/e-learning.cesga.es\/ictgogirls\/wp-content\/uploads\/sites\/2\/2026\/03\/logoITU_small.jpg\" alt=\"Girls in ICT Day logo\" class=\"wp-image-3502\" width=\"480\" height=\"270\" srcset=\"https:\/\/e-learning.cesga.es\/ictgogirls\/wp-content\/uploads\/sites\/2\/2026\/03\/logoITU_small.jpg 640w, https:\/\/e-learning.cesga.es\/ictgogirls\/wp-content\/uploads\/sites\/2\/2026\/03\/logoITU_small-300x169.jpg 300w\" sizes=\"(max-width: 480px) 100vw, 480px\" \/><\/figure>\n\n\n\n<p><strong>April 23 2026<\/strong> will be Girls in ICT Day, and since 2013, we&#8217;ll celebrate it at the Galicia Supercomputing Center (CESGA)!<\/p>\n\n\n\n<p><br><strong>Check out the activities for this day!<\/strong><\/p>\n\n\n\n<p>In the morning, we&#8217;ll hold a colloquium via web multi-conference featuring 4 Galician professionals who work daily with technology. They will share their career paths, what they work on, and how technology can contribute to various fields to improve everyone&#8217;s lives in an engaging and detailed manner. From primary and secondary schools, girls and boys will be able to send their questions and concerns live in direct dialogue with them.<\/p>\n\n\n\n<p>Don&#8217;t know what International Girls in ICT Day is? It&#8217;s an international celebration aimed at motivating new generations of girls to consider the field of ICT for their academic, research, and professional development. <a href=\"https:\/\/www.itu.int\/women-and-girls\/girls-in-ict\/\">Here&#8217;s all the information on the international movement<\/a>.<\/p>\n\n\n\n<p>To learn more about what CESGA (Galicia Supercomputing Center) and supercomputing are, watch this video.<\/p>\n\n\n\n<figure class=\"wp-block-embed aligncenter is-type-video is-provider-youtube wp-block-embed-youtube wp-embed-aspect-16-9 wp-has-aspect-ratio\"><div class=\"wp-block-embed__wrapper\">\n<iframe loading=\"lazy\" title=\"G-NIGHT: NOITE GALEGA DAS PERSOAS INVESTIGADORAS\" width=\"640\" height=\"360\" src=\"https:\/\/www.youtube.com\/embed\/-C_waJySI7w?feature=oembed\" frameborder=\"0\" allow=\"accelerometer; autoplay; clipboard-write; encrypted-media; gyroscope; picture-in-picture; web-share\" referrerpolicy=\"strict-origin-when-cross-origin\" allowfullscreen><\/iframe>\n<\/div><\/figure>\n\n\n\n<h3 class=\"wp-block-heading\">Participants in the XIV Girls in ICT Day Talk 2026<\/h3>\n\n\n\n<p>Please check the Spanish or Galician version of this page!<\/p>\n\n\n\n<p>You can follow and share all the event information and our activities on this website or on:<\/p>\n\n\n\n<ul>\n<li>Facebook:&nbsp;<a href=\"https:\/\/web.archive.org\/web\/20240421053658\/https:\/\/www.facebook.com\/ICTGoGirls\" target=\"_blank\" rel=\"noreferrer noopener\">https:\/\/www.facebook.com\/ICTGoGirls<\/a><\/li>\n\n\n\n<li>Twitter:&nbsp;<a href=\"https:\/\/twitter.com\/ICTGoGirls\" target=\"_blank\" rel=\"noreferrer noopener\">https:\/\/twitter.com\/ICTGoGirls<\/a><\/li>\n\n\n\n<li>Youtube:&nbsp;<a href=\"https:\/\/www.youtube.com\/playlist?list=PLaYnwE2ZurwETyjAShB6_XNmWYnHQycAf\" target=\"_blank\" rel=\"noreferrer noopener\">https:\/\/www.youtube.com\/playlist?list=PLaYnwE2ZurwETyjAShB6_XNmWYnHQycAf<\/a><\/li>\n<\/ul>\n\n\n\n<h3 class=\"wp-block-heading\">Organizers<\/h3>\n\n\n\n<p>Centro de Supercomputaci\u00f3n de Galicia (dependente de GAIN e CSIC), Secretar\u00eda Xeral de Igualdade da Xunta de Galicia,  Colexio Profesional de Enxe\u00f1ar\u00eda Inform\u00e1tica (CPEIG) <\/p>\n\n\n\n<h3 class=\"wp-block-heading\">Collaborators<\/h3>\n\n\n\n<p>Xunta de Galicia: (Conseller\u00eda de Educaci\u00f3n, Ciencia, Universidades e FP e a AMTEGA); Asociaci\u00f3n de Mulleres Investigadoras e Tecn\u00f3logas, secci\u00f3n Galicia (AMIT-Gal); Asociaci\u00f3n .GAL; USC (Facultade de Ciencias da Educaci\u00f3n, Woman Emprende, CITIUS  e Oficina de Igualdade); Facultade de Inform\u00e1tica da UDC;  UVigo (Escola de Enxe\u00f1ar\u00eda de Telecomunicaci\u00f3ns, AtlanTTic); Colectivos Hello Sisters! e GalsTech<\/p>\n\n\n\n<h6 class=\"wp-block-heading\"><a href=\"https:\/\/www.freepik.es\/vectores\/juegos-virtuales\"><em>Imaxe da cabeceira creada por pikisuperstar &#8211; www.freepik.es<\/em><\/a><\/h6>\n","protected":false},"excerpt":{"rendered":"<p>April 23 2026 will be Girls in ICT Day, and since 2013, we&#8217;ll celebrate it at the Galicia Supercomputing Center (CESGA)! Check out the activities for this day! In the morning, we&#8217;ll hold a colloquium via web multi-conference featuring 4 Galician professionals who work daily with technology. They will share their career paths, what they work on, and how technology [&hellip;]<\/p>\n","protected":false},"author":1,"featured_media":2606,"parent":0,"menu_order":0,"comment_status":"closed","ping_status":"closed","template":"","meta":{"_mi_skip_tracking":false},"_links":{"self":[{"href":"https:\/\/e-learning.cesga.es\/ictgogirls\/wp-json\/wp\/v2\/pages\/3389"}],"collection":[{"href":"https:\/\/e-learning.cesga.es\/ictgogirls\/wp-json\/wp\/v2\/pages"}],"about":[{"href":"https:\/\/e-learning.cesga.es\/ictgogirls\/wp-json\/wp\/v2\/types\/page"}],"author":[{"embeddable":true,"href":"https:\/\/e-learning.cesga.es\/ictgogirls\/wp-json\/wp\/v2\/users\/1"}],"replies":[{"embeddable":true,"href":"https:\/\/e-learning.cesga.es\/ictgogirls\/wp-json\/wp\/v2\/comments?post=3389"}],"version-history":[{"count":17,"href":"https:\/\/e-learning.cesga.es\/ictgogirls\/wp-json\/wp\/v2\/pages\/3389\/revisions"}],"predecessor-version":[{"id":3522,"href":"https:\/\/e-learning.cesga.es\/ictgogirls\/wp-json\/wp\/v2\/pages\/3389\/revisions\/3522"}],"wp:featuredmedia":[{"embeddable":true,"href":"https:\/\/e-learning.cesga.es\/ictgogirls\/wp-json\/wp\/v2\/media\/2606"}],"wp:attachment":[{"href":"https:\/\/e-learning.cesga.es\/ictgogirls\/wp-json\/wp\/v2\/media?parent=3389"}],"curies":[{"name":"wp","href":"https:\/\/api.w.org\/{rel}","templated":true}]}}