{"id":3316,"date":"2025-03-06T09:06:43","date_gmt":"2025-03-06T08:06:43","guid":{"rendered":"https:\/\/e-learning.cesga.es\/ictgogirls\/?page_id=3316"},"modified":"2026-03-11T08:49:39","modified_gmt":"2026-03-11T07:49:39","slug":"xiii-dia-das-rapazas-nas-tic","status":"publish","type":"page","link":"https:\/\/e-learning.cesga.es\/ictgogirls\/","title":{"rendered":"XIV d\u00eda das Rapazas nas TIC &#8211; 2026"},"content":{"rendered":"\n<figure class=\"wp-block-image size-full\"><img decoding=\"async\" loading=\"lazy\" width=\"640\" height=\"360\" src=\"https:\/\/e-learning.cesga.es\/ictgogirls\/wp-content\/uploads\/sites\/2\/2026\/03\/logoITU_small.jpg\" alt=\"\" class=\"wp-image-3502\" srcset=\"https:\/\/e-learning.cesga.es\/ictgogirls\/wp-content\/uploads\/sites\/2\/2026\/03\/logoITU_small.jpg 640w, https:\/\/e-learning.cesga.es\/ictgogirls\/wp-content\/uploads\/sites\/2\/2026\/03\/logoITU_small-300x169.jpg 300w\" sizes=\"(max-width: 640px) 100vw, 640px\" \/><\/figure>\n\n\n\n<p>O d\u00eda<strong> 23 de abril de 2026<\/strong> ter\u00e1 lugar o <strong>D\u00eda Internacional das Rapazas nas TIC, e, como dende o 2013, celebr\u00e1molo dende o Centro de Supercomputaci\u00f3n de Galicia!<\/strong><\/p>\n\n\n\n<p><strong>\u00c1s 11 da ma\u00f1\u00e1 celebraremos un coloquio retransmitido por streaming <\/strong> no que participar\u00e1n 4 investigadoras e profesionais galegas que traballan a diario coas tecnolox\u00edas, e que compartir\u00e1n, dun xeito ameno e polo mi\u00fado, a s\u00faa traxectoria, no que traballan, e o que a tecnolox\u00eda pode aportar en diversos campos para mellorar a vida de tod@s. Dende os centros escolares de primaria e secundaria, as rapazas e rapaces enviar\u00e1n as s\u00faas preguntas e inquedanzas en directo en di\u00e1logo directo con elas.<\/p>\n\n\n\n<p><strong>Non sabedes o que \u00e9 o<\/strong> <strong>D\u00eda Internacional das Rapazas nas TIC<\/strong>? \u00c9 unha celebraci\u00f3n a nivel internacional, orientada a motivar \u00e1s novas xeraci\u00f3ns de mozas para que consideren o \u00e1mbito das TIC para o seu desenvolvemento acad\u00e9mico, investigador e profesional. &nbsp;<a rel=\"noreferrer noopener\" href=\"https:\/\/www.itu.int\/women-and-girls\/girls-in-ict\/\" target=\"_blank\">Aqu\u00ed est\u00e1 toda a informaci\u00f3n do movemento a nivel internacional<\/a>.<\/p>\n\n\n\n<p>Para saber m\u00e1is o <strong>que \u00e9 o CESGA<\/strong> (Centro de Supercomputaci\u00f3n de Galicia) e a supercomputaci\u00f3n, mira este v\u00eddeo.<\/p>\n\n\n\n<figure class=\"wp-block-embed aligncenter is-type-video is-provider-youtube wp-block-embed-youtube wp-embed-aspect-16-9 wp-has-aspect-ratio\"><div class=\"wp-block-embed__wrapper\">\n<iframe loading=\"lazy\" title=\"G-NIGHT: NOITE GALEGA DAS PERSOAS INVESTIGADORAS\" width=\"640\" height=\"360\" src=\"https:\/\/www.youtube.com\/embed\/-C_waJySI7w?feature=oembed\" frameborder=\"0\" allow=\"accelerometer; autoplay; clipboard-write; encrypted-media; gyroscope; picture-in-picture; web-share\" referrerpolicy=\"strict-origin-when-cross-origin\" allowfullscreen><\/iframe>\n<\/div><\/figure>\n\n\n\n<div class=\"wp-block-columns is-layout-flex wp-container-2\">\n<div class=\"wp-block-column is-layout-flow\">\n<h2 class=\"wp-block-heading\">As protagonistas<\/h2>\n<\/div>\n<\/div>\n\n\n\n<div class=\"wp-block-columns is-layout-flex wp-container-5\">\n<div class=\"wp-block-column is-layout-flow\">\n<figure class=\"wp-block-image size-full is-resized is-style-default\"><img decoding=\"async\" loading=\"lazy\" src=\"https:\/\/e-learning.cesga.es\/ictgogirls\/wp-content\/uploads\/sites\/2\/2026\/03\/Marta_.jpg\" alt=\"\" class=\"wp-image-3511\" width=\"300\" height=\"300\" srcset=\"https:\/\/e-learning.cesga.es\/ictgogirls\/wp-content\/uploads\/sites\/2\/2026\/03\/Marta_.jpg 400w, https:\/\/e-learning.cesga.es\/ictgogirls\/wp-content\/uploads\/sites\/2\/2026\/03\/Marta_-300x300.jpg 300w, https:\/\/e-learning.cesga.es\/ictgogirls\/wp-content\/uploads\/sites\/2\/2026\/03\/Marta_-150x150.jpg 150w\" sizes=\"(max-width: 300px) 100vw, 300px\" \/><\/figure>\n<\/div>\n\n\n\n<div class=\"wp-block-column is-layout-flow\">\n<p><strong>Marta Casti\u00f1eira Reis<\/strong> . Marta Casti\u00f1eira Reis traballa no CESGA como t\u00e9cnica de investigaci\u00f3n en simulaci\u00f3n computacional e an\u00e1lise de datos no proxecto EDD-DATAlife. \u00c9 doutora en Qu\u00edmica Te\u00f3rica e Modelizaci\u00f3n Molecular pola Universidade de Vigo (2019), unha \u00e1rea que utiliza m\u00e9todos computacionais para estudar a estrutura, as propiedades e a reactividade das mol\u00e9culas. Durante a s\u00faa tese doutoral e a s\u00faa etapa posdoutoral investigou procesos de cat\u00e1lise, \u00e9 dicir, reacci\u00f3ns qu\u00edmicas aceleradas ou dirixidas por certas substancias para obter novos compostos de interese, inclu\u00eddos posibles f\u00e1rmacos. Tam\u00e9n traballou en astroqu\u00edmica, estudando como se forman mol\u00e9culas no espazo e que procesos qu\u00edmicos poden ter lugar en condici\u00f3ns extremas, como as do medio interestelar. O seu traballo combina qu\u00edmica, f\u00edsica, inform\u00e1tica e an\u00e1lise de datos para responder preguntas complexas sobre a materia, tanto na Terra como no universo.<\/p>\n<\/div>\n<\/div>\n\n\n\n<div class=\"wp-block-columns is-layout-flex wp-container-8\">\n<div class=\"wp-block-column is-layout-flow\">\n<p><strong>Patricia Gonz\u00e1lez G\u00f3mez<\/strong>. Catedr\u00e1tica e investigadora no Departamento de Enxe\u00f1ar\u00eda de Computadores da Universidade da Coru\u00f1a. A s\u00faa investigaci\u00f3n c\u00e9ntrase na computaci\u00f3n de alto rendemento, inclu\u00edndo o uso de supercomputadores, computaci\u00f3n na nube (cloud) e an\u00e1lise de grandes volumes de datos (big data) para resolver problemas cient\u00edficos complexos. Tam\u00e9n traballa en \u00e1reas como a bioinform\u00e1tica e o desenvolvemento de m\u00e9todos avanzados para acelerar c\u00e1lculos e analizar grandes cantidades de informaci\u00f3n. Coordinou o M\u00e1ster en Computaci\u00f3n de Alto Rendemento e ocupou varios postos directivos na Universidade da Coru\u00f1a.<\/p>\n<\/div>\n\n\n\n<div class=\"wp-block-column is-layout-flow\">\n<figure class=\"wp-block-image size-full is-resized\"><img decoding=\"async\" loading=\"lazy\" src=\"https:\/\/e-learning.cesga.es\/ictgogirls\/wp-content\/uploads\/sites\/2\/2026\/03\/foto-Patricia_.png\" alt=\"\" class=\"wp-image-3512\" width=\"300\" height=\"300\" srcset=\"https:\/\/e-learning.cesga.es\/ictgogirls\/wp-content\/uploads\/sites\/2\/2026\/03\/foto-Patricia_.png 400w, https:\/\/e-learning.cesga.es\/ictgogirls\/wp-content\/uploads\/sites\/2\/2026\/03\/foto-Patricia_-300x300.png 300w, https:\/\/e-learning.cesga.es\/ictgogirls\/wp-content\/uploads\/sites\/2\/2026\/03\/foto-Patricia_-150x150.png 150w\" sizes=\"(max-width: 300px) 100vw, 300px\" \/><\/figure>\n<\/div>\n<\/div>\n\n\n\n<div class=\"wp-block-columns is-layout-flex wp-container-11\">\n<div class=\"wp-block-column is-layout-flow\">\n<figure class=\"wp-block-image size-full is-resized\"><img decoding=\"async\" loading=\"lazy\" src=\"https:\/\/e-learning.cesga.es\/ictgogirls\/wp-content\/uploads\/sites\/2\/2026\/03\/Foto_Hilda_.jpg\" alt=\"\" class=\"wp-image-3513\" width=\"300\" height=\"300\" srcset=\"https:\/\/e-learning.cesga.es\/ictgogirls\/wp-content\/uploads\/sites\/2\/2026\/03\/Foto_Hilda_.jpg 400w, https:\/\/e-learning.cesga.es\/ictgogirls\/wp-content\/uploads\/sites\/2\/2026\/03\/Foto_Hilda_-300x300.jpg 300w, https:\/\/e-learning.cesga.es\/ictgogirls\/wp-content\/uploads\/sites\/2\/2026\/03\/Foto_Hilda_-150x150.jpg 150w\" sizes=\"(max-width: 300px) 100vw, 300px\" \/><\/figure>\n<\/div>\n\n\n\n<div class=\"wp-block-column is-layout-flow\">\n<p><strong>Hilda Romero Velo<\/strong> \u00e9 investigadora no CITIC e candidata a doutora en Computaci\u00f3n pola Universidade da Coru\u00f1a (UDC). Con formaci\u00f3n en M\u00fasica e Inform\u00e1tica, e experiencia como pianista e gaiteira, centra a s\u00faa investigaci\u00f3n na Recuperaci\u00f3n de Informaci\u00f3n Musical e na Etnomusicolox\u00eda Computacional. Traballa especialmente coa m\u00fasica de tradici\u00f3n oral, como a galega e a irlandesa, empregando metodolox\u00edas e algoritmos da inform\u00e1tica e da bioinform\u00e1tica para analizar e comparar melod\u00edas co obxectivo de comprender as relaci\u00f3ns entre diferentes tradici\u00f3ns musicais. Ademais, desenvolve ferramentas que apoian a aprendizaxe de partituras e sistemas capaces de buscalas a partir dunha cantaruxada ou da interpretaci\u00f3n dunha melod\u00eda nun instrumento.<\/p>\n<\/div>\n<\/div>\n\n\n\n<div class=\"wp-block-columns is-layout-flex wp-container-14\">\n<div class=\"wp-block-column is-layout-flow\">\n<p><strong>Ar\u00e1nzazu Sucasas Hermida <\/strong>traballa en Telef\u00f3nica e actualmente \u00e9 candidata a doutoramento na Universidade de Vigo (UVigo), onde desenvolve unha investigaci\u00f3n centrada na segmentaci\u00f3n de lesi\u00f3ns mamarias en resonancia magn\u00e9tica para a detecci\u00f3n precoz do cancro de mama. \u00c9 Enxe\u00f1eira de Telecomunicaci\u00f3ns e conta cun M\u00e1ster en Enxe\u00f1er\u00eda Biom\u00e9dica e Sa\u00fade Dixital . Na actualidade traballa en Optimizaci\u00f3n Radio en Telef\u00f3nica M\u00f3viles, centrada na an\u00e1lise e mellora do rendemento das redes m\u00f3biles (5G, 4G e 3G) para garantir a calidade dos servizos de voz e datos. <\/p>\n<\/div>\n\n\n\n<div class=\"wp-block-column is-layout-flow\">\n<figure class=\"wp-block-image size-full is-resized\"><img decoding=\"async\" loading=\"lazy\" src=\"https:\/\/e-learning.cesga.es\/ictgogirls\/wp-content\/uploads\/sites\/2\/2026\/03\/Arancha_.jpg\" alt=\"\" class=\"wp-image-3514\" width=\"300\" height=\"300\" srcset=\"https:\/\/e-learning.cesga.es\/ictgogirls\/wp-content\/uploads\/sites\/2\/2026\/03\/Arancha_.jpg 400w, https:\/\/e-learning.cesga.es\/ictgogirls\/wp-content\/uploads\/sites\/2\/2026\/03\/Arancha_-300x300.jpg 300w, https:\/\/e-learning.cesga.es\/ictgogirls\/wp-content\/uploads\/sites\/2\/2026\/03\/Arancha_-150x150.jpg 150w\" sizes=\"(max-width: 300px) 100vw, 300px\" \/><\/figure>\n<\/div>\n<\/div>\n\n\n\n<h2 class=\"wp-block-heading\">Axenda<\/h2>\n\n\n\n<p>A actividade comezar\u00e1 \u00e1s 11 da ma\u00f1\u00e1, e ter\u00e1 unha duraci\u00f3n aproximada de 1 hora e media. <em>Pr\u00f3ximamente actualizaremos esta informaci\u00f3n con m\u00e1is detalle<\/em>.<\/p>\n\n\n\n<p>Para participar, pulsa na secci\u00f3n &#8220;Inscribirse&#8221; na barra superior da web. <\/p>\n\n\n\n<p>Podes seguir e difundir toda a informaci\u00f3n do evento e as nosas actividades nesta web ou en:<\/p>\n\n\n\n<ul>\n<li>Facebook:&nbsp;<a href=\"https:\/\/www.facebook.com\/ICTGoGirls\" target=\"_blank\" rel=\"noreferrer noopener\">https:\/\/www.facebook.com\/ICTGoGirls<\/a><\/li>\n\n\n\n<li>Twitter:&nbsp;<a href=\"https:\/\/twitter.com\/ICTGoGirls\" target=\"_blank\" rel=\"noreferrer noopener\">https:\/\/twitter.com\/ICTGoGirls<\/a><\/li>\n\n\n\n<li>Youtube:&nbsp;<a href=\"https:\/\/www.youtube.com\/playlist?list=PLaYnwE2ZurwETyjAShB6_XNmWYnHQycAf\" target=\"_blank\" rel=\"noreferrer noopener\">https:\/\/www.youtube.com\/playlist?list=PLaYnwE2ZurwETyjAShB6_XNmWYnHQycAf<\/a><\/li>\n<\/ul>\n\n\n\n<h3 class=\"wp-block-heading\">Organizan<\/h3>\n\n\n\n<p>Centro de Supercomputaci\u00f3n de Galicia (dependente de GAIN e CSIC), Secretar\u00eda Xeral de Igualdade da Xunta de Galicia e  Colexio Profesional de Enxe\u00f1ar\u00eda Inform\u00e1tica (CPEIG).<\/p>\n\n\n\n<h3 class=\"wp-block-heading\">Colaboran<\/h3>\n\n\n\n<p>Xunta de Galicia: (Conseller\u00eda de Educaci\u00f3n, Ciencia, Universidades e FP e a AMTEGA); Asociaci\u00f3n de Mulleres Investigadoras e Tecn\u00f3logas, secci\u00f3n Galicia (AMIT-Gal); Asociaci\u00f3n .GAL; USC (Facultade de Ciencias da Educaci\u00f3n, Woman Emprende, CITIUS  e Oficina de Igualdade); Facultade de Inform\u00e1tica da UDC;  UVigo(Escola de Enxe\u00f1ar\u00eda de Telecomunicaci\u00f3ns, atlanTTic) ; Colectivos Hello Sisters! e GalsTech<\/p>\n\n\n\n<h6 class=\"wp-block-heading\"><a href=\"https:\/\/www.freepik.es\/vectores\/juegos-virtuales\"><em>Imaxe da cabeceira creada por pikisuperstar &#8211; www.freepik.es<\/em><\/a><\/h6>\n","protected":false},"excerpt":{"rendered":"<p>O d\u00eda 23 de abril de 2026 ter\u00e1 lugar o D\u00eda Internacional das Rapazas nas TIC, e, como dende o 2013, celebr\u00e1molo dende o Centro de Supercomputaci\u00f3n de Galicia! \u00c1s 11 da ma\u00f1\u00e1 celebraremos un coloquio retransmitido por streaming no que participar\u00e1n 4 investigadoras e profesionais galegas que traballan a diario coas tecnolox\u00edas, e que compartir\u00e1n, dun xeito ameno e [&hellip;]<\/p>\n","protected":false},"author":1,"featured_media":2606,"parent":0,"menu_order":0,"comment_status":"closed","ping_status":"closed","template":"","meta":{"_mi_skip_tracking":false},"_links":{"self":[{"href":"https:\/\/e-learning.cesga.es\/ictgogirls\/wp-json\/wp\/v2\/pages\/3316"}],"collection":[{"href":"https:\/\/e-learning.cesga.es\/ictgogirls\/wp-json\/wp\/v2\/pages"}],"about":[{"href":"https:\/\/e-learning.cesga.es\/ictgogirls\/wp-json\/wp\/v2\/types\/page"}],"author":[{"embeddable":true,"href":"https:\/\/e-learning.cesga.es\/ictgogirls\/wp-json\/wp\/v2\/users\/1"}],"replies":[{"embeddable":true,"href":"https:\/\/e-learning.cesga.es\/ictgogirls\/wp-json\/wp\/v2\/comments?post=3316"}],"version-history":[{"count":44,"href":"https:\/\/e-learning.cesga.es\/ictgogirls\/wp-json\/wp\/v2\/pages\/3316\/revisions"}],"predecessor-version":[{"id":3546,"href":"https:\/\/e-learning.cesga.es\/ictgogirls\/wp-json\/wp\/v2\/pages\/3316\/revisions\/3546"}],"wp:featuredmedia":[{"embeddable":true,"href":"https:\/\/e-learning.cesga.es\/ictgogirls\/wp-json\/wp\/v2\/media\/2606"}],"wp:attachment":[{"href":"https:\/\/e-learning.cesga.es\/ictgogirls\/wp-json\/wp\/v2\/media?parent=3316"}],"curies":[{"name":"wp","href":"https:\/\/api.w.org\/{rel}","templated":true}]}}