{"id":2867,"date":"2023-04-21T13:23:35","date_gmt":"2023-04-21T11:23:35","guid":{"rendered":"https:\/\/e-learning.cesga.es\/ictgogirls\/?page_id=2867"},"modified":"2023-04-21T13:31:58","modified_gmt":"2023-04-21T11:31:58","slug":"el-proyecto-ict-go-girls","status":"publish","type":"page","link":"https:\/\/e-learning.cesga.es\/ictgogirls\/es\/el-proyecto-ict-go-girls\/","title":{"rendered":"El proyecto ICT-Go-Girls!"},"content":{"rendered":"\n<p class=\"has-text-align-left\">Esta iniciativa dise\u00f1\u00f3, ejecut\u00f3 y evalu\u00f3 un programa innovador para mejorar las competencias empresariales entre las ni\u00f1as de secundaria, mediante el uso de las TIC como elemento clave. ICT-Go-Girls est\u00e1 dirigido a habilitar a las ni\u00f1as con los conocimientos, habilidades y valores para ayudarles a ser capaces de crear futuras oportunidades para la innovaci\u00f3n y la calidad en el empleo relacionado con las TIC.<\/p>\n\n\n\n<p class=\"has-text-align-left\">Este proyecto involucr\u00f3 a actores europeos relevantes en este sector (escuelas, universidades, instituciones de formaci\u00f3n del profesorado, centros de investigaci\u00f3n TIC, administraciones educativas) en Europa y fuera para combinar esfuerzos para proponer una metodolog\u00eda eficaz que haga frente a este problema y con conexiones para maximizar el impacto de la iniciativa en sus pa\u00edses y en el \u00e1mbito europeo. Su metodolog\u00eda y actividades apuntan directamente a apoyar el logro de varias competencias clave para el aprendizaje permanente como se establece en el Marco Europeo entre las ni\u00f1as de la escuela secundaria, principalmente: el esp\u00edritu empresarial, la competencia digital, la alfabetizaci\u00f3n matem\u00e1tica y la comunicaci\u00f3n en lenguas extranjeras .<\/p>\n\n\n\n<h3 class=\"wp-block-heading\"><strong>&nbsp;\u00bfLas chicas pueden emprender en la escuela? \u00bfQu\u00e9 es un emprendedor?<\/strong><\/h3>\n\n\n\n<p>Una persona &#8220;emprendedora&#8221; toma todo lo relacionado con la innovaci\u00f3n, las finanzas y la visi\u00f3n empresarial en un esfuerzo para transformar las innovaciones en bienes econ\u00f3micos. Cuando esto se lleva a un nivel de la escuela, creemos que para tener j\u00f3venes emprendedores es necesario proporcionar conocimientos al entusiasmo propio de las ni\u00f1as y ni\u00f1os y ense\u00f1arles a desarrollar su pensamiento cr\u00edtico junto con su imaginaci\u00f3n. Esto dar\u00e1 lugar a nuevas y \u00fatiles ideas que sorprender\u00e1n a todos y que puede transformarlos en emprendedores.<\/p>\n\n\n\n<h3 class=\"wp-block-heading\"><strong>Objectivos<\/strong><\/h3>\n\n\n\n<ul>\n<li>Mejorar las habilidades emprendedoras entre chicas de educaci\u00f3n secundaria.<\/li>\n\n\n\n<li>Producir un paquete de metodolog\u00eda y aprendizaje para escuelas de secundaria que ayude a promocionar las TIC y el emprendimiento entre sus estudiantes femeninas.<\/li>\n\n\n\n<li>Mejorar las metodolog\u00edas docentes para mejorar las habilidades de emprendimiento y TIC entre las alumnas y darles herramientas de apoyo.<\/li>\n\n\n\n<li>Aumentar as habilidades TIC para su uso educativo entre las alumnas.<\/li>\n\n\n\n<li>Mostrar el potencial de empoderamiento de las TIC a las chicas para que aborden su futuro acad\u00e9mico y laboral.<\/li>\n\n\n\n<li>Mejorar habilidades transversales: iniciativa, trabajo en equipo, idiomas.<\/li>\n\n\n\n<li>Promover la cooperaci\u00f3n entre los mundos educativo, laboral y de formaci\u00f3n.<\/li>\n\n\n\n<li>Establecer un plan de sostenibilidad que implique a empresas, instituciones TIC, escuelas y administraciones para crear una red estable que pueda conseguir el objetivo principal a nivel europeo.<\/li>\n<\/ul>\n\n\n\n<p class=\"has-text-align-center\"><strong>Creemos que las TIC pueden proporcionar un ambiente de motivaci\u00f3n potenciador y flexible para motivar a las j\u00f3venes en sus opciones de futuro, estudios y trabajo.<\/strong><\/p>\n","protected":false},"excerpt":{"rendered":"<p>Esta iniciativa dise\u00f1\u00f3, ejecut\u00f3 y evalu\u00f3 un programa innovador para mejorar las competencias empresariales entre las ni\u00f1as de secundaria, mediante el uso de las TIC como elemento clave. ICT-Go-Girls est\u00e1 dirigido a habilitar a las ni\u00f1as con los conocimientos, habilidades y valores para ayudarles a ser capaces de crear futuras oportunidades para la innovaci\u00f3n y la calidad en el empleo [&hellip;]<\/p>\n","protected":false},"author":1,"featured_media":0,"parent":0,"menu_order":0,"comment_status":"closed","ping_status":"closed","template":"","meta":{"_mi_skip_tracking":false},"_links":{"self":[{"href":"https:\/\/e-learning.cesga.es\/ictgogirls\/wp-json\/wp\/v2\/pages\/2867"}],"collection":[{"href":"https:\/\/e-learning.cesga.es\/ictgogirls\/wp-json\/wp\/v2\/pages"}],"about":[{"href":"https:\/\/e-learning.cesga.es\/ictgogirls\/wp-json\/wp\/v2\/types\/page"}],"author":[{"embeddable":true,"href":"https:\/\/e-learning.cesga.es\/ictgogirls\/wp-json\/wp\/v2\/users\/1"}],"replies":[{"embeddable":true,"href":"https:\/\/e-learning.cesga.es\/ictgogirls\/wp-json\/wp\/v2\/comments?post=2867"}],"version-history":[{"count":2,"href":"https:\/\/e-learning.cesga.es\/ictgogirls\/wp-json\/wp\/v2\/pages\/2867\/revisions"}],"predecessor-version":[{"id":2871,"href":"https:\/\/e-learning.cesga.es\/ictgogirls\/wp-json\/wp\/v2\/pages\/2867\/revisions\/2871"}],"wp:attachment":[{"href":"https:\/\/e-learning.cesga.es\/ictgogirls\/wp-json\/wp\/v2\/media?parent=2867"}],"curies":[{"name":"wp","href":"https:\/\/api.w.org\/{rel}","templated":true}]}}