{"id":2858,"date":"2023-04-21T13:00:43","date_gmt":"2023-04-21T11:00:43","guid":{"rendered":"https:\/\/e-learning.cesga.es\/ictgogirls\/?page_id=2858"},"modified":"2023-04-21T13:00:44","modified_gmt":"2023-04-21T11:00:44","slug":"recursos-dia-de-las-chicas-en-las-tic","status":"publish","type":"page","link":"https:\/\/e-learning.cesga.es\/ictgogirls\/es\/recursos-dia-de-las-chicas-en-las-tic\/","title":{"rendered":"Recursos D\u00eda de las Chicas en las TIC"},"content":{"rendered":"\n<div style=\"text-align: justify;\">\n<p>En esta p\u00e1gina reunimos algunos de los materiales y recursos que utilizamos en nuestros talleres del CESGA para trabajar con las tecnolog\u00edas de forma divertida y diversa. \u00a1Esperamos que os gusten!<\/p>\n<ul>\n<li><a href=\"#visita\">Visita al supercomputador Finis Terrae II<\/a><\/li>\n<li><a href=\"#pixelart\">Taller pixel art\/perlas de pl\u00e1stico<\/a><\/li>\n<li><a href=\"#booktrailers\">Taller booktrailers<\/a><\/li>\n<li><a href=\"#scratch\">Taller Scratch<\/a><\/li>\n<li><a href=\"#robotica\">Taller rob\u00f3tica<\/a><\/li>\n<li><a href=\"#papercraft\">Papercraft: modelos hist\u00f3ricos de ordenadores y consolas<\/a><\/li>\n<\/ul>\n<p>Si ten\u00e9is dudas o comentarios, enviadnos un correo a <a href=\"mailto:e-learning@cesga.es\">e-learning@cesga.es<\/a><\/p>\n<\/div>\n\n\n\n<h2 class=\"wp-block-heading\"><a id=\"visita\"><\/a>Visita al supercomputador Finis Terrae II<\/h2>\n\n\n<div class=\"wp-block-image\">\n<figure class=\"aligncenter\"><img decoding=\"async\" loading=\"lazy\" width=\"1024\" height=\"412\" src=\"https:\/\/e-learning.cesga.es\/ictgogirls\/wp-content\/uploads\/sites\/2\/2021\/03\/FinisTerrae-CESGA-1-1024x412.jpg\" alt=\"CPD del CESGA. FinisTerrae II\" class=\"wp-image-2301\" srcset=\"https:\/\/e-learning.cesga.es\/ictgogirls\/wp-content\/uploads\/sites\/2\/2021\/03\/FinisTerrae-CESGA-1-1024x412.jpg 1024w, https:\/\/e-learning.cesga.es\/ictgogirls\/wp-content\/uploads\/sites\/2\/2021\/03\/FinisTerrae-CESGA-1-300x121.jpg 300w, https:\/\/e-learning.cesga.es\/ictgogirls\/wp-content\/uploads\/sites\/2\/2021\/03\/FinisTerrae-CESGA-1-768x309.jpg 768w, https:\/\/e-learning.cesga.es\/ictgogirls\/wp-content\/uploads\/sites\/2\/2021\/03\/FinisTerrae-CESGA-1.jpg 1200w\" sizes=\"(max-width: 1024px) 100vw, 1024px\" \/><\/figure><\/div>\n\n\n<p>En las instalaciones del CESGA tenemos el Finis Terrae II, el supercomputador usado por muchos investigadores\/as y centros como MeteoGalicia. Pod\u00e9is hacer una visita virtual al centro y al propio supercomputador desde este enlace:<\/p>\n\n\n\n<ul>\n<li><a href=\"https:\/\/www.google.es\/maps\/place\/Centro+de+Supercomputaci%C3%B3n+de+Galicia\/@42.8754212,-8.5533314,3a,75y,304h,90t\/data=!3m8!1e1!3m6!1sg_2ojS0abLcAAAQvxaSQSQ!2e0!3e2!6s%2F%2Fgeo3.ggpht.com%2Fcbk%3Fpanoid%3Dg_2ojS0abLcAAAQvxaSQSQ%26output%3Dthumbnail%26cb_client%3Dsearch.TACTILE.gps%26thumb%3D2%26w%3D129%26h%3D106%26yaw%3D304.33203%26pitch%3D0%26thumbfov%3D100!7i13312!8i6656!4m5!3m4!1s0xd2efe6b18df4601:0x9f7546a6084d6057!8m2!3d42.87574!4d-8.553262!6m1!1e1?hl=es\" target=\"_blank\" rel=\"noopener noreferrer\">Visita virtual al CESGA<\/a><\/li>\n<\/ul>\n\n\n\n<p>Como apoyo a la visita tenemos una ficha para que las y los peques repasen lo que han aprendido:<\/p>\n\n\n\n<ul>\n<li><a href=\"https:\/\/e-learning.cesga.es\/ictgogirls\/wp-content\/uploads\/sites\/2\/2017\/04\/Ficha_visitaCESGA_peques_2.pdf\">Ficha sobre el CESGA para ni\u00f1@s<\/a><\/li>\n<\/ul>\n\n\n\n<p>M\u00e1s informaci\u00f3n sobre Finis Terrae II: en la web del <a href=\"https:\/\/www.cesga.es\/infraestructuras\/computacion\/finisterrae-ii\/\">CESGA<\/a>.<\/p>\n\n\n\n<div style=\"text-align: justify;\">\n<h2>Taller pixel art\/perlas de pl\u00e1stico<\/h2>\n<p>Para este taller utilizamos un programa que nos permite crear nuestros dise\u00f1os con p\u00edxeles (dibujo en 8 bits, como los ordenadores antiguos). Es \u00e9ste: <a href=\"https:\/\/e-learning.cesga.es\/pixihama\" target=\"_blank\" rel=\"noopener noreferrer\">Dise\u00f1ador pixel art\/hama beads<\/a><\/p>\n<p>Podemos comenzar a dibujar directamente, o cargar una imagen para que nos la &#8220;convierta&#8221; a dibujo en p\u00edxeles. Aqu\u00ed tienes unas <a href=\"https:\/\/e-learning.cesga.es\/ictgogirls\/wp-content\/uploads\/sites\/2\/2017\/04\/imagenes_muestra_pixihama.zip\" target=\"_blank\" rel=\"noopener noreferrer\">im\u00e1genes de ejemplo <\/a>si quieres probar a hacerlo. Una vez tengamos nuestro dibujo, podemos imprimirlo, descargarlo, etc.<\/p>\n<figure><img decoding=\"async\" loading=\"lazy\" class=\"size-medium wp-image-433 alignleft\" src=\"https:\/\/e-learning.cesga.es\/ictgogirls\/wp-content\/uploads\/sites\/2\/2017\/04\/hamas_cuenco-300x225.jpg\" alt=\"\" width=\"300\" height=\"225\" srcset=\"https:\/\/e-learning.cesga.es\/ictgogirls\/wp-content\/uploads\/sites\/2\/2017\/04\/hamas_cuenco-300x225.jpg 300w, https:\/\/e-learning.cesga.es\/ictgogirls\/wp-content\/uploads\/sites\/2\/2017\/04\/hamas_cuenco.jpg 500w\" sizes=\"(max-width: 300px) 100vw, 300px\" \/><\/figure><p><\/p>\n<p>\u00a1Ahora llega la parte anal\u00f3gica! Utilizaremos unas piezas que se venden en muchas papeler\u00edas, tiendas de juguetes, etc. Se conocen<\/p>\n<p>como perlas de pl\u00e1stico, perlas de planchar, perler, hama beads&#8230;Aqu\u00ed ten\u00e9is por ejemplo, la <a href=\"http:\/\/www.hama.dk\/carta-de-colores-4\/\" target=\"_blank\" rel=\"noopener noreferrer\">tabla de colores oficial de Hama Beads.<\/a><\/p>\n<p>Estas piecitas de colores las vamos colocando en una plantilla de pl\u00e1stico con pinchitos de acuerdo al dise\u00f1o que hicimos. Una vez terminado el dise\u00f1o, s\u00f3lo nos queda poner un papel de horno encima de nuestra figura, y pasarle la plancha (\u00a1ojo, peques hacedlo con ayuda de un\/a adult@!). Y listo \u00a1ya tenemos nuestro estupendo dise\u00f1o pixel-art en pl\u00e1stico resistente!<\/p>\n<figure><img decoding=\"async\" loading=\"lazy\" class=\" wp-image-378 aligncenter\" src=\"https:\/\/e-learning.cesga.es\/ictgogirls\/wp-content\/uploads\/sites\/2\/2017\/03\/pixihama-300x263.jpg\" alt=\"\" width=\"263\" height=\"231\" srcset=\"https:\/\/e-learning.cesga.es\/ictgogirls\/wp-content\/uploads\/sites\/2\/2017\/03\/pixihama-300x263.jpg 300w, https:\/\/e-learning.cesga.es\/ictgogirls\/wp-content\/uploads\/sites\/2\/2017\/03\/pixihama.jpg 500w\" sizes=\"(max-width: 263px) 100vw, 263px\" \/><\/figure><p><\/p>\n<h2>Taller booktrailers<\/h2>\n<p>Un BookTrailer es un v\u00eddeo en el que contamos o resumimos el tema principal de un libro que nos ha gustado mucho, \u00a1pero sin contar c\u00f3mo acaba!<\/p>\n<p>En este taller, veremos qu\u00e9 elementos necesitaremos para elaborar nuestro BookTrailer. En nuestro caso haremos un BookTrailer sobre el libro &#8220;Star Wars &#8211; Veh\u00edculos&#8221;, grabando y protagonizando las secuencias de v\u00eddeo ante un &#8220;chroma key&#8221; o fondo verde.<\/p>\n<p>Despu\u00e9s, veremos c\u00f3mo hacer el montaje final utilizando la aplicaci\u00f3n gratuita Filmora, que nos permitir\u00e1 a\u00f1adir muchos efectos para hacer que nuestro BookTrailer tenga una apariencia pr\u00e1cticamente profesional.<\/p>\n<p>A continuaci\u00f3n os dejamos un <a href=\"https:\/\/e-learning.cesga.es\/ictgogirls\/wp-content\/uploads\/sites\/2\/2017\/04\/Presentacion-Booktrailers.pdf\">documento<\/a> con todos los datos sobre el taller, en el que adem\u00e1s podr\u00e9is encontrar los enlaces a los tutoriales de creaci\u00f3n que hemos creado<\/p>\n<p>Por \u00faltimo os animamos a participar en el&nbsp;<a href=\"http:\/\/proyectoscpiocruce.com\/BT-2017\">Concurso creaci\u00f3n de BookTrailers del CPI O Cruce<\/a><\/p>\n<h2>Taller Scratch<\/h2>\n<figure><img decoding=\"async\" loading=\"lazy\" class=\"size-medium wp-image-452 aligncenter\" src=\"https:\/\/e-learning.cesga.es\/ictgogirls\/wp-content\/uploads\/sites\/2\/2017\/04\/logo-scratch-300x225.png\" alt=\"\" width=\"300\" height=\"225\" srcset=\"https:\/\/e-learning.cesga.es\/ictgogirls\/wp-content\/uploads\/sites\/2\/2017\/04\/logo-scratch-300x225.png 300w, https:\/\/e-learning.cesga.es\/ictgogirls\/wp-content\/uploads\/sites\/2\/2017\/04\/logo-scratch.png 640w\" sizes=\"(max-width: 300px) 100vw, 300px\" \/><\/figure><p><\/p>\n<p><a href=\"https:\/\/scratch.mit.edu\/about\" target=\"_blank\" rel=\"noopener noreferrer\">Scratch<\/a> es un lenguaje de programaci\u00f3n muy sencillo para que todos podamos comenzar a crear nuestras animaciones, juegos, m\u00fasica&#8230;\u00a1lo que se te ocurra!<\/p>\n<p>El programa puedes instalarlo en un ordenador o tablet, o incluso usarlo desde cualquier navegador web. En su <a href=\"https:\/\/scratch.mit.edu\/explore\/projects\/all\" target=\"_blank\" rel=\"noopener noreferrer\">sitio web oficial<\/a> podemos encontrar diferentes <a href=\"https:\/\/scratch.mit.edu\/explore\/projects\/all\" target=\"_blank\" rel=\"noopener noreferrer\">contribuciones de la comunidad<\/a>, que podremos probar en vivo desde la propia p\u00e1gina.<\/p>\n<p>Aqu\u00ed tienes unas <a href=\"https:\/\/e-learning.cesga.es\/ictgogirls\/wp-content\/uploads\/sites\/2\/2017\/04\/Scratch2Cards.pdf\">fichas de actividades<\/a> muy divertidas y f\u00e1ciles para comenzar. Puedes descargarlas e imprimirlas.<\/p>\n<h2>Taller rob\u00f3tica<\/h2>\n<p>En este taller os ense\u00f1aremos las posibilidades de la rob\u00f3tica a trav\u00e9s de unos sencillos robots que hemos creado en nuestro departamento.<\/p>\n<figure><img decoding=\"async\" loading=\"lazy\" class=\"size-medium wp-image-466 alignright\" src=\"https:\/\/e-learning.cesga.es\/ictgogirls\/wp-content\/uploads\/sites\/2\/2017\/04\/IMG_20170330_114333-225x300.jpg\" alt=\"\" width=\"225\" height=\"300\" srcset=\"https:\/\/e-learning.cesga.es\/ictgogirls\/wp-content\/uploads\/sites\/2\/2017\/04\/IMG_20170330_114333-225x300.jpg 225w, https:\/\/e-learning.cesga.es\/ictgogirls\/wp-content\/uploads\/sites\/2\/2017\/04\/IMG_20170330_114333-768x1024.jpg 768w, https:\/\/e-learning.cesga.es\/ictgogirls\/wp-content\/uploads\/sites\/2\/2017\/04\/IMG_20170330_114333-1200x1600.jpg 1200w\" sizes=\"(max-width: 225px) 100vw, 225px\" \/><\/figure><p><\/p>\n<p>Estos robots son capaces de seguir l\u00edneas en el suelo de forma aut\u00f3noma, y evitar obstaculos que encuentren en el camino. Adem\u00e1s, se pueden controlar a trav\u00e9s de una app para m\u00f3viles android.<\/p>\n<p>Podeis facilmente construir estos robots en vuestras casas siguiendo los manuales e indicaciones que podreis encontrar a continuaci\u00f3n.<\/p>\n<p>Las piezas necesarias para construir estos robots fueron impresas en nuestra impresora 3D y se pueden encontrar para su descarga en el siguiente enlace:<br><a href=\"http:\/\/www.thingiverse.com\/thing:1011890\">http:\/\/www.thingiverse.com\/thing:1011890<\/a><\/p>\n<figure><img decoding=\"async\" loading=\"lazy\" class=\"size-medium wp-image-467 alignleft\" src=\"https:\/\/e-learning.cesga.es\/ictgogirls\/wp-content\/uploads\/sites\/2\/2017\/04\/IMG_20170420_165041-300x225.jpg\" alt=\"\" width=\"300\" height=\"225\" srcset=\"https:\/\/e-learning.cesga.es\/ictgogirls\/wp-content\/uploads\/sites\/2\/2017\/04\/IMG_20170420_165041-300x225.jpg 300w, https:\/\/e-learning.cesga.es\/ictgogirls\/wp-content\/uploads\/sites\/2\/2017\/04\/IMG_20170420_165041-768x576.jpg 768w, https:\/\/e-learning.cesga.es\/ictgogirls\/wp-content\/uploads\/sites\/2\/2017\/04\/IMG_20170420_165041-1024x768.jpg 1024w, https:\/\/e-learning.cesga.es\/ictgogirls\/wp-content\/uploads\/sites\/2\/2017\/04\/IMG_20170420_165041-1200x900.jpg 1200w\" sizes=\"(max-width: 300px) 100vw, 300px\" \/><\/figure><p>La electr\u00f3nica, basada en un microcontrolador Arduino, es muy simple. En el <a href=\"https:\/\/tecnopatafisica.com\/tecno3eso\/teoria\/robotica\/105-arduino-robot-siguelineas\">siguiente esquema<\/a> te ense\u00f1amos como puedes ensamblar todos los componentes.<\/p>\n<p><a href=\"https:\/\/tecnopatafisica.com\/tecno3eso\/teoria\/robotica\/105-arduino-robot-siguelineas\">[Enlace externo]<\/a><\/p>\n<\/div>\n\n\n\n<h2 class=\"wp-block-heading\"><a id=\"papercraft\"><\/a>Taller Papercraft: modelos hist\u00f3ricos de ordenadores y consolas<\/h2>\n\n\n\n<p>La historia de la inform\u00e1tica y los ordenadores ha avanzado much\u00edsimo en muy pocos a\u00f1os, como una manera de homenajearla proponemos coo actividad montar en papel modelos hist\u00f3ricos de ordenadores que revolucionaron el mundo de la computaci\u00f3n.<\/p>\n\n\n\n<p>Para ello usaremos los modelos creados por el dise\u00f1ador gr\u00e1fico Rocky Bergen que hacen un gran honor a los originales: <a href=\"http:\/\/rockybergen.com\/papercraft\">http:\/\/rockybergen.com\/papercraft<\/a><\/p>\n","protected":false},"excerpt":{"rendered":"<p>En esta p\u00e1gina reunimos algunos de los materiales y recursos que utilizamos en nuestros talleres del CESGA para trabajar con las tecnolog\u00edas de forma divertida y diversa. \u00a1Esperamos que os gusten! Visita al supercomputador Finis Terrae II Taller pixel art\/perlas de pl\u00e1stico Taller booktrailers Taller Scratch Taller rob\u00f3tica Papercraft: modelos hist\u00f3ricos de ordenadores y consolas Si ten\u00e9is dudas o comentarios, [&hellip;]<\/p>\n","protected":false},"author":1,"featured_media":0,"parent":0,"menu_order":0,"comment_status":"closed","ping_status":"closed","template":"","meta":{"_mi_skip_tracking":false},"_links":{"self":[{"href":"https:\/\/e-learning.cesga.es\/ictgogirls\/wp-json\/wp\/v2\/pages\/2858"}],"collection":[{"href":"https:\/\/e-learning.cesga.es\/ictgogirls\/wp-json\/wp\/v2\/pages"}],"about":[{"href":"https:\/\/e-learning.cesga.es\/ictgogirls\/wp-json\/wp\/v2\/types\/page"}],"author":[{"embeddable":true,"href":"https:\/\/e-learning.cesga.es\/ictgogirls\/wp-json\/wp\/v2\/users\/1"}],"replies":[{"embeddable":true,"href":"https:\/\/e-learning.cesga.es\/ictgogirls\/wp-json\/wp\/v2\/comments?post=2858"}],"version-history":[{"count":1,"href":"https:\/\/e-learning.cesga.es\/ictgogirls\/wp-json\/wp\/v2\/pages\/2858\/revisions"}],"predecessor-version":[{"id":2859,"href":"https:\/\/e-learning.cesga.es\/ictgogirls\/wp-json\/wp\/v2\/pages\/2858\/revisions\/2859"}],"wp:attachment":[{"href":"https:\/\/e-learning.cesga.es\/ictgogirls\/wp-json\/wp\/v2\/media?parent=2858"}],"curies":[{"name":"wp","href":"https:\/\/api.w.org\/{rel}","templated":true}]}}