{"id":2850,"date":"2023-04-21T12:41:09","date_gmt":"2023-04-21T10:41:09","guid":{"rendered":"https:\/\/e-learning.cesga.es\/ictgogirls\/?page_id=2850"},"modified":"2023-04-21T12:50:44","modified_gmt":"2023-04-21T10:50:44","slug":"videomensajes-animando-a-las-chicas-a-interesarse-en-las-tic","status":"publish","type":"page","link":"https:\/\/e-learning.cesga.es\/ictgogirls\/es\/videomensajes-animando-a-las-chicas-a-interesarse-en-las-tic\/","title":{"rendered":"Videomensajes: animando a las chicas a interesarse en las TIC"},"content":{"rendered":"\n<p id=\"page-title\"><strong>Nieves Brisaboa<\/strong>, profesora , investigadora y directora del Laboratorio de Bases de Datos de la Fac. de Inform\u00e1tica de la Universidade de A Coru\u00f1a, anima a las chicas a considerar la inform\u00e1tica en su futuro laboral y de estudios.<\/p>\n\n\n<p><iframe loading=\"lazy\" title=\"ICT-Go-Girls! Nieves Brisaboa, investigadora y profesora de la UDC\" width=\"640\" height=\"360\" src=\"https:\/\/www.youtube.com\/embed\/PyfcIJQUMHI?feature=oembed\" frameborder=\"0\" allow=\"accelerometer; autoplay; clipboard-write; encrypted-media; gyroscope; picture-in-picture; web-share\" allowfullscreen><\/iframe><\/p>\n\n\n\n<p><strong>Sabela Ramos Garea<\/strong>, investigadora del Grupo de Arquitectura de Computadores, Universidade da Coru\u00f1a, anima a las chicas a considerar las TIC en su futuro laboral y de estudios.<\/p>\n\n\n<p><iframe loading=\"lazy\" title=\"ICT-Go-Girls! Sabela Ramos, investigadora del Grupo de Arquitectura de Computadores de la UDC\" width=\"640\" height=\"360\" src=\"https:\/\/www.youtube.com\/embed\/JJ3A3dAPki4?feature=oembed\" frameborder=\"0\" allow=\"accelerometer; autoplay; clipboard-write; encrypted-media; gyroscope; picture-in-picture; web-share\" allowfullscreen><\/iframe><\/p>\n\n\n\n<p><strong>Amparo Alonso Betanzos<\/strong> es presidenta de la Asociaci\u00f3n Espa\u00f1ola para la Inteligencia Artificial (AEPIA), adem\u00e1s de profesora de la UDC, coordinadora del grupo de investigaci\u00f3n LIDIA. En este v\u00eddeo anima a las chicas a considerar las TIC en su futuro laboral y de estudios, y cuenta c\u00f3mo comenz\u00f3 a trabajar en este campo.<\/p>\n\n\n<p><iframe loading=\"lazy\" title=\"ICT-Go-Girls! Amparo Alonso Betanzos,  presidenta Asoc. Espa\u00f1ola para la Inteligencia Artificial\" width=\"640\" height=\"360\" src=\"https:\/\/www.youtube.com\/embed\/NNanbEH2Gyk?feature=oembed\" frameborder=\"0\" allow=\"accelerometer; autoplay; clipboard-write; encrypted-media; gyroscope; picture-in-picture; web-share\" allowfullscreen><\/iframe><\/p>\n\n\n\n<p><strong>Ana Freire<\/strong>, investigadora del Grupo de Ingenier\u00eda Telem\u00e1tica, Universidade da Coru\u00f1a, anima a las chicas a considerar las TIC en su futuro laboral y de estudios.<\/p>\n\n\n<p><iframe loading=\"lazy\" title=\"ICT-Go-Girls! Ana Freire, investigadora del Grupo de Ingenier\u00eda Telem\u00e1tica UDC\" width=\"640\" height=\"360\" src=\"https:\/\/www.youtube.com\/embed\/GlnUh5hxgFs?feature=oembed\" frameborder=\"0\" allow=\"accelerometer; autoplay; clipboard-write; encrypted-media; gyroscope; picture-in-picture; web-share\" allowfullscreen><\/iframe><\/p>\n\n\n\n<p><u><strong>Maica Garc\u00eda<\/strong><\/u>, abogada y cofundadora de Frutifri.com, una empresa de distribuci\u00f3n de fruta y productos alimenticios a trav\u00e9s de Internet. En este v\u00eddeo anima a las chicas a considerar las TIC en su futuro laboral y de estudios, y cuenta c\u00f3mo comenz\u00f3 ella a trabajar en este campo.<\/p>\n\n\n<p><iframe loading=\"lazy\" title=\"ICT-Go-Girls! Maica Garc\u00eda, cofundadora de Frutifri.com\" width=\"640\" height=\"360\" src=\"https:\/\/www.youtube.com\/embed\/BD_mKrlbpnw?feature=oembed\" frameborder=\"0\" allow=\"accelerometer; autoplay; clipboard-write; encrypted-media; gyroscope; picture-in-picture; web-share\" allowfullscreen><\/iframe><\/p>\n\n\n\n<p>Lista de reproducci\u00f3n:<\/p>\n\n\n\n<figure class=\"wp-block-embed is-type-video is-provider-youtube wp-block-embed-youtube wp-embed-aspect-16-9 wp-has-aspect-ratio\"><div class=\"wp-block-embed__wrapper\">\n<iframe loading=\"lazy\" title=\"ICT-Go-Girls, Promoting Entrepreneurship among Secondary School Girls through ICT\" width=\"640\" height=\"360\" src=\"https:\/\/www.youtube.com\/embed\/videoseries?list=PLaYnwE2ZurwETyjAShB6_XNmWYnHQycAf\" frameborder=\"0\" allow=\"accelerometer; autoplay; clipboard-write; encrypted-media; gyroscope; picture-in-picture; web-share\" allowfullscreen><\/iframe>\n<\/div><\/figure>\n","protected":false},"excerpt":{"rendered":"<p>Nieves Brisaboa, profesora , investigadora y directora del Laboratorio de Bases de Datos de la Fac. de Inform\u00e1tica de la Universidade de A Coru\u00f1a, anima a las chicas a considerar la inform\u00e1tica en su futuro laboral y de estudios. Sabela Ramos Garea, investigadora del Grupo de Arquitectura de Computadores, Universidade da Coru\u00f1a, anima a las chicas a considerar las TIC [&hellip;]<\/p>\n","protected":false},"author":1,"featured_media":0,"parent":0,"menu_order":2,"comment_status":"closed","ping_status":"closed","template":"","meta":{"_mi_skip_tracking":false},"_links":{"self":[{"href":"https:\/\/e-learning.cesga.es\/ictgogirls\/wp-json\/wp\/v2\/pages\/2850"}],"collection":[{"href":"https:\/\/e-learning.cesga.es\/ictgogirls\/wp-json\/wp\/v2\/pages"}],"about":[{"href":"https:\/\/e-learning.cesga.es\/ictgogirls\/wp-json\/wp\/v2\/types\/page"}],"author":[{"embeddable":true,"href":"https:\/\/e-learning.cesga.es\/ictgogirls\/wp-json\/wp\/v2\/users\/1"}],"replies":[{"embeddable":true,"href":"https:\/\/e-learning.cesga.es\/ictgogirls\/wp-json\/wp\/v2\/comments?post=2850"}],"version-history":[{"count":1,"href":"https:\/\/e-learning.cesga.es\/ictgogirls\/wp-json\/wp\/v2\/pages\/2850\/revisions"}],"predecessor-version":[{"id":2852,"href":"https:\/\/e-learning.cesga.es\/ictgogirls\/wp-json\/wp\/v2\/pages\/2850\/revisions\/2852"}],"wp:attachment":[{"href":"https:\/\/e-learning.cesga.es\/ictgogirls\/wp-json\/wp\/v2\/media?parent=2850"}],"curies":[{"name":"wp","href":"https:\/\/api.w.org\/{rel}","templated":true}]}}