{"id":2814,"date":"2023-04-21T11:10:52","date_gmt":"2023-04-21T09:10:52","guid":{"rendered":"https:\/\/e-learning.cesga.es\/ictgogirls\/?page_id=2814"},"modified":"2024-06-16T13:33:22","modified_gmt":"2024-06-16T11:33:22","slug":"dia-de-las-chicas-en-las-tic","status":"publish","type":"page","link":"https:\/\/e-learning.cesga.es\/ictgogirls\/es\/dia-de-las-chicas-en-las-tic\/","title":{"rendered":"D\u00eda de las chicas en las TIC"},"content":{"rendered":"\n<figure class=\"wp-block-image size-large\" id=\"anchor\"><img decoding=\"async\" src=\"https:\/\/www.itu.int\/women-and-girls\/girls-in-ict\/wp-content\/uploads\/sites\/2\/2024\/02\/GICT-24-BannerV4-scaled.jpg\" alt=\"\"\/><\/figure>\n\n\n\n<p>El<strong> 25 de abril de 2024<\/strong> celebramos el <strong>D\u00eda Internacional de las Ni\u00f1as en las TIC<\/strong> en el Centro de Supercomputaci\u00f3n de Galicia!<\/p>\n\n\n\n<p>\u00a1Fue un d\u00eda repleto de actividades! <\/p>\n\n\n\n<p>Por la ma\u00f1ana realizamos un coloquio a trav\u00e9s de una multiconferencia web en la que participaron 4 profesionales gallegas, que compartieron de forma amena y detallada, su trayectoria profesional, en qu\u00e9 trabajan y lo que puede aportar la tecnolog\u00eda en diversos campos para mejorar la vida de todos.  Desde sus centros de primaria y secundaria, m\u00e1s de 600 estudiantes hicieron preguntas en vivo compartiendo tambi\u00e9n sus dudas e inquietudes sobre sus \u00e1reas de trabajo.<\/p>\n\n\n\n<figure class=\"wp-block-image size-large is-resized\"><img decoding=\"async\" loading=\"lazy\" src=\"https:\/\/e-learning.cesga.es\/ictgogirls\/wp-content\/uploads\/sites\/2\/2024\/05\/P4251670-1024x768.jpg\" alt=\"\" class=\"wp-image-3278\" width=\"711\" height=\"533\" srcset=\"https:\/\/e-learning.cesga.es\/ictgogirls\/wp-content\/uploads\/sites\/2\/2024\/05\/P4251670-1024x768.jpg 1024w, https:\/\/e-learning.cesga.es\/ictgogirls\/wp-content\/uploads\/sites\/2\/2024\/05\/P4251670-300x225.jpg 300w, https:\/\/e-learning.cesga.es\/ictgogirls\/wp-content\/uploads\/sites\/2\/2024\/05\/P4251670-768x576.jpg 768w, https:\/\/e-learning.cesga.es\/ictgogirls\/wp-content\/uploads\/sites\/2\/2024\/05\/P4251670-1536x1152.jpg 1536w, https:\/\/e-learning.cesga.es\/ictgogirls\/wp-content\/uploads\/sites\/2\/2024\/05\/P4251670-2048x1536.jpg 2048w\" sizes=\"(max-width: 711px) 100vw, 711px\" \/><\/figure>\n\n\n\n<p>\u00bfNo sabes qu\u00e9 es el D\u00eda Internacional de las Ni\u00f1as en las TIC? Es una celebraci\u00f3n internacional, orientada a motivar a las nuevas generaciones de ni\u00f1as a considerar el campo de las TIC para su desarrollo acad\u00e9mico, investigativo y profesional. <a rel=\"noreferrer noopener\" href=\"https:\/\/www.itu.int\/women-and-girls\/girls-in-ict\/\" data-type=\"URL\" data-id=\"https:\/\/www.itu.int\/women-and-girls\/girls-in-ict\/\" target=\"_blank\">Aqu\u00ed tienes toda la informaci\u00f3n sobre el movimiento internacional<\/a>.<\/p>\n\n\n\n<h3 class=\"wp-block-heading\">Participantes do coloquio do D\u00eda das Rapazas nas TIC 2024<\/h3>\n\n\n\n<p>En esta XII edici\u00f3n tuvimos el honor de contar con:<\/p>\n\n\n\n<div class=\"wp-block-columns is-layout-flex wp-container-3\">\n<div class=\"wp-block-column is-layout-flow\" style=\"flex-basis:33.33%\">\n<figure class=\"wp-block-image size-full\"><img decoding=\"async\" loading=\"lazy\" width=\"400\" height=\"400\" src=\"https:\/\/e-learning.cesga.es\/ictgogirls\/wp-content\/uploads\/sites\/2\/2024\/02\/AntiaFdez_pq.jpg\" alt=\"\" class=\"wp-image-2992\" srcset=\"https:\/\/e-learning.cesga.es\/ictgogirls\/wp-content\/uploads\/sites\/2\/2024\/02\/AntiaFdez_pq.jpg 400w, https:\/\/e-learning.cesga.es\/ictgogirls\/wp-content\/uploads\/sites\/2\/2024\/02\/AntiaFdez_pq-300x300.jpg 300w, https:\/\/e-learning.cesga.es\/ictgogirls\/wp-content\/uploads\/sites\/2\/2024\/02\/AntiaFdez_pq-150x150.jpg 150w\" sizes=\"(max-width: 400px) 100vw, 400px\" \/><\/figure>\n<\/div>\n\n\n\n<div class=\"wp-block-column is-layout-flow\" style=\"flex-basis:66.66%\">\n<p><strong>Antia Fern\u00e1ndez L\u00f3pez<\/strong>. Ant\u00eda es Ingeniera de Telecomunicaci\u00f3n, M\u00e1ster en Docencia Telem\u00e1tica, ambos por la Universidad de Vigo y MBA por la UIE. Desde 2008 trabaja en proyectos de I+D para diferentes sectores en GRADIANT (Centro Tecnol\u00f3gico de Telecomunicaciones de Galicia). Su camino va desde la ideaci\u00f3n, a la ejecuci\u00f3n, a la gesti\u00f3n de proyectos; as\u00ed como la gesti\u00f3n del \u00e1rea tecnol\u00f3gica y desarrollo de negocios. Tener experiencia en tecnolog\u00edas en torno a datos: con \u00e9nfasis en Inteligencia Artificial, conectividad y ciberseguridad. Adem\u00e1s, trabaja para la Comisi\u00f3n Europea como evaluadora y revisora \u200b\u200bde proyectos y como docente de tecnolog\u00edas aplicadas a la empresa en diferentes escuelas de negocio y m\u00e1steres universitarios.<\/p>\n<\/div>\n<\/div>\n\n\n\n<div class=\"wp-block-columns is-layout-flex wp-container-6\">\n<div class=\"wp-block-column is-layout-flow\" style=\"flex-basis:66.66%\">\n<p><strong>Lorena Fern\u00e1ndez Fern\u00e1ndez<\/strong>. Lorena estudi\u00f3 Matem\u00e1ticas en la USC y complet\u00f3 sus estudios con un M\u00e1ster en Matem\u00e1tica Industrial en la UVigo. Trabaj\u00f3 en el Grupo de Ingenier\u00eda Integrada de la UDC y posteriormente en el Centro Nacional de Energ\u00edas Renovables (en Pamplona) en proyectos de investigaci\u00f3n con el objetivo de resolver problemas de inter\u00e9s acad\u00e9mico e industrial en el \u00e1rea de la din\u00e1mica de fluidos con sistemas inform\u00e1ticos de rendimiento. Actualmente trabaja en el CESGA como t\u00e9cnico superior de investigaci\u00f3n en la l\u00ednea de aplicaci\u00f3n de la Inteligencia Artificial a la producci\u00f3n industrial.<\/p>\n<\/div>\n\n\n\n<div class=\"wp-block-column is-layout-flow\" style=\"flex-basis:33.33%\">\n<figure class=\"wp-block-image size-full\"><img decoding=\"async\" loading=\"lazy\" width=\"400\" height=\"448\" src=\"https:\/\/e-learning.cesga.es\/ictgogirls\/wp-content\/uploads\/sites\/2\/2024\/02\/LorenaFdez.jpg\" alt=\"\" class=\"wp-image-2993\" srcset=\"https:\/\/e-learning.cesga.es\/ictgogirls\/wp-content\/uploads\/sites\/2\/2024\/02\/LorenaFdez.jpg 400w, https:\/\/e-learning.cesga.es\/ictgogirls\/wp-content\/uploads\/sites\/2\/2024\/02\/LorenaFdez-268x300.jpg 268w\" sizes=\"(max-width: 400px) 100vw, 400px\" \/><\/figure>\n<\/div>\n<\/div>\n\n\n\n<div class=\"wp-block-columns is-layout-flex wp-container-9\">\n<div class=\"wp-block-column is-layout-flow\" style=\"flex-basis:33.33%\">\n<figure class=\"wp-block-image size-full\"><img decoding=\"async\" loading=\"lazy\" width=\"400\" height=\"400\" src=\"https:\/\/e-learning.cesga.es\/ictgogirls\/wp-content\/uploads\/sites\/2\/2024\/02\/OlallaPq.jpg\" alt=\"\" class=\"wp-image-2995\" srcset=\"https:\/\/e-learning.cesga.es\/ictgogirls\/wp-content\/uploads\/sites\/2\/2024\/02\/OlallaPq.jpg 400w, https:\/\/e-learning.cesga.es\/ictgogirls\/wp-content\/uploads\/sites\/2\/2024\/02\/OlallaPq-300x300.jpg 300w, https:\/\/e-learning.cesga.es\/ictgogirls\/wp-content\/uploads\/sites\/2\/2024\/02\/OlallaPq-150x150.jpg 150w\" sizes=\"(max-width: 400px) 100vw, 400px\" \/><\/figure>\n<\/div>\n\n\n\n<div class=\"wp-block-column is-layout-flow\" style=\"flex-basis:66.66%\">\n<p><strong>Olalla Rama Garc\u00eda<\/strong>. Olalla se licenci\u00f3 en Inform\u00e1tica por la Universidad de A Coru\u00f1a, con un M\u00e1ster en Ciberseguridad. Su carrera profesional comenz\u00f3 a vincularse al campo de la ciberseguridad, espec\u00edficamente orientada al pentesting, y actualmente desarrolla funciones relacionadas con el an\u00e1lisis y gesti\u00f3n de vulnerabilidades en un proyecto de Amtega destinado a la mejora de la ciberseguridad de las entidades locales de Galicia. Adem\u00e1s, participa activamente en competiciones CTF (Capture The Flag) que ponen a prueba sus conocimientos y habilidades como hacker.<\/p>\n<\/div>\n<\/div>\n\n\n\n<div class=\"wp-block-columns is-layout-flex wp-container-12\">\n<div class=\"wp-block-column is-layout-flow\" style=\"flex-basis:66.66%\">\n<p><strong>Noem\u00ed Basanta Cheda<\/strong>, licenciada en arquitectura por la Escuela T\u00e9cnica Superior de Arquitectura de A Coru\u00f1a con especialidad en Urbanismo. Despu\u00e9s de pasar por diferentes estudios de arquitectura y dise\u00f1o de escenograf\u00eda, comenz\u00f3 a trabajar en <a rel=\"noreferrer noopener\" href=\"https:\/\/galopinplaygrounds.com\/\" target=\"_blank\">Parques Infantiles Galop\u00edn<\/a>, formando parte fundamental del Departamento de Proyectos, en el que desarroll\u00f3 propuestas de espacios de juego infantil alrededor del mundo. Tiene quince a\u00f1os de experiencia en esta compleja actividad de intervenir en el espacio p\u00fablico para un usuario tan sensible como la infancia, con influencia directa en la sociedad.<br>Tambi\u00e9n coordina diferentes proyectos de investigaci\u00f3n, como la colaboraci\u00f3n con la UDC para la edici\u00f3n del manual &#8220;Lugares p\u00fablicos de estancia con car\u00e1cter biof\u00edlico&#8221;. de la Dra. In\u00e9s Pernas.<\/p>\n<\/div>\n\n\n\n<div class=\"wp-block-column is-layout-flow\" style=\"flex-basis:33.33%\">\n<figure class=\"wp-block-image size-full\"><img decoding=\"async\" loading=\"lazy\" width=\"400\" height=\"457\" src=\"https:\/\/e-learning.cesga.es\/ictgogirls\/wp-content\/uploads\/sites\/2\/2024\/03\/Noemi2.jpg\" alt=\"Noem\u00ed Basanta\" class=\"wp-image-3086\" srcset=\"https:\/\/e-learning.cesga.es\/ictgogirls\/wp-content\/uploads\/sites\/2\/2024\/03\/Noemi2.jpg 400w, https:\/\/e-learning.cesga.es\/ictgogirls\/wp-content\/uploads\/sites\/2\/2024\/03\/Noemi2-263x300.jpg 263w\" sizes=\"(max-width: 400px) 100vw, 400px\" \/><\/figure>\n<\/div>\n<\/div>\n\n\n\n<div style=\"height:0px\" aria-hidden=\"true\" class=\"wp-block-spacer\"><\/div>\n\n\n\n<iframe loading=\"lazy\" src=\"https:\/\/www.google.com\/maps\/d\/u\/1\/embed?mid=1AUqSLzNoJgOB14JxUiRAxyRvEQeJxuU&#038;ehbc=2E312F\" width=\"640\" height=\"480\"><\/iframe>\n\n\n\n<h2 class=\"wp-block-heading\">Programa de Tarde<\/h2>\n\n\n\n<div class=\"wp-block-columns is-layout-flex wp-container-15\">\n<div class=\"wp-block-column is-layout-flow\" style=\"flex-basis:70%\">\n<p>La <mark style=\"background-color:rgba(0, 0, 0, 0)\" class=\"has-inline-color has-vivid-red-color\"><strong>&#8220;Ruta de las Exploradoras Digitales&#8221;<\/strong><\/mark>. El mismo d\u00eda 25, <strong>de 5 a 7 de la tarde<\/strong>, llevamos a cabo una propuesta divertida y did\u00e1ctica para que estudiantes (\u00faltimo ciclo de primaria y ESO) del \u00e1rea compostelana descubriesen la actividad en torno a la tecnolog\u00eda que se desarrolla en el CESGA y el CITIUS, con <strong>visitas did\u00e1cticas al supercomputador FinisTerrae III y al ordenador cu\u00e1ntico de Galicia, Qmio, y demostraciones <\/strong>de las tecnolog\u00edas m\u00e1s actuales con las que trabajamos.  Esta actividad se enmarc\u00f3 en un <strong>recorrido por el Campus de la USC entre ambos centros<\/strong>, conociendo a 5 referentes hist\u00f3ricas del mundo de las STEM: Grace Hopper, Margaret Hamilton, Hedy Lamarr, \u00c1ngela Ru\u00edz Robles y Gladys Mae West, que fueron encarnadas por cient\u00edficas actuales: Cecilia Grela, Natalia Costas, Mar\u00eda R. Malmierca y Lorena Fern\u00e1ndez, del CESGA, y Albina Sarymsakova, del CITIUS.<\/p>\n\n\n\n<p>\u00a1Ada Lovelace, la primera programadora de la historia, fue nuestra gu\u00eda en el camino! Y para todos\/as aquellos\/as que completaron con \u00e9xito esta \u201cRuta de las exploradoras digitales\u201d tuvieron un regalo final, un precioso libro sobre \u00c1ngela Ru\u00edz Robles, nuestra maestra e inventora de la Enciclopedia Mec\u00e1nica, y la precursora de los Libros Digitales \/ Ebooks actuales.<\/p>\n<\/div>\n\n\n\n<div class=\"wp-block-column is-layout-flow\" style=\"flex-basis:30%\"><div class=\"wp-block-image\">\n<figure class=\"alignright size-full is-resized\"><img decoding=\"async\" loading=\"lazy\" src=\"https:\/\/e-learning.cesga.es\/ictgogirls\/wp-content\/uploads\/sites\/2\/2024\/04\/credencialPlegadaPQ.png\" alt=\"\" class=\"wp-image-3219\" width=\"238\" height=\"300\" srcset=\"https:\/\/e-learning.cesga.es\/ictgogirls\/wp-content\/uploads\/sites\/2\/2024\/04\/credencialPlegadaPQ.png 570w, https:\/\/e-learning.cesga.es\/ictgogirls\/wp-content\/uploads\/sites\/2\/2024\/04\/credencialPlegadaPQ-238x300.png 238w\" sizes=\"(max-width: 238px) 100vw, 238px\" \/><\/figure><\/div>\n\n<div class=\"wp-block-image\">\n<figure class=\"alignright size-medium\"><img decoding=\"async\" loading=\"lazy\" width=\"225\" height=\"300\" src=\"https:\/\/e-learning.cesga.es\/ictgogirls\/wp-content\/uploads\/sites\/2\/2024\/05\/AdaByron_Rapazas24-225x300.jpeg\" alt=\"Ada Byron en el Campus USC\" class=\"wp-image-3284\" srcset=\"https:\/\/e-learning.cesga.es\/ictgogirls\/wp-content\/uploads\/sites\/2\/2024\/05\/AdaByron_Rapazas24-225x300.jpeg 225w, https:\/\/e-learning.cesga.es\/ictgogirls\/wp-content\/uploads\/sites\/2\/2024\/05\/AdaByron_Rapazas24-768x1024.jpeg 768w, https:\/\/e-learning.cesga.es\/ictgogirls\/wp-content\/uploads\/sites\/2\/2024\/05\/AdaByron_Rapazas24-1152x1536.jpeg 1152w, https:\/\/e-learning.cesga.es\/ictgogirls\/wp-content\/uploads\/sites\/2\/2024\/05\/AdaByron_Rapazas24-1536x2048.jpeg 1536w, https:\/\/e-learning.cesga.es\/ictgogirls\/wp-content\/uploads\/sites\/2\/2024\/05\/AdaByron_Rapazas24-scaled.jpeg 1920w\" sizes=\"(max-width: 225px) 100vw, 225px\" \/><\/figure><\/div><\/div>\n<\/div>\n\n\n\n<figure class=\"wp-block-embed is-type-video is-provider-youtube wp-block-embed-youtube wp-embed-aspect-16-9 wp-has-aspect-ratio\"><div class=\"wp-block-embed__wrapper\">\n<iframe loading=\"lazy\" title=\"XII Di\u0301a das Rapazas nas TIC. Resumo\" width=\"640\" height=\"360\" src=\"https:\/\/www.youtube.com\/embed\/1CTRY1EmHNc?feature=oembed\" frameborder=\"0\" allow=\"accelerometer; autoplay; clipboard-write; encrypted-media; gyroscope; picture-in-picture; web-share\" referrerpolicy=\"strict-origin-when-cross-origin\" allowfullscreen><\/iframe>\n<\/div><\/figure>\n\n\n\n<h3 class=\"wp-block-heading\">Organizan<\/h3>\n\n\n\n<p>Centro de Supercomputaci\u00f3n de Galicia (dependente de GAIN e CSIC), Secretar\u00eda Xeral de Igualdade da Xunta de Galicia,  Colexio Profesional de Enxe\u00f1ar\u00eda Inform\u00e1tica (CPEIG) e coa colaboraci\u00f3n do CITIUS (Centro Singular de Investigaci\u00f3n en Tecnolox\u00edas Intelixentes da Universidade de Santiago de Compostela).<\/p>\n\n\n\n<h3 class=\"wp-block-heading\">Colaboran<\/h3>\n\n\n\n<p>Xunta de Galicia: (Conseller\u00eda de Educaci\u00f3n, Universidade e FP e AMTEGA); Asociaci\u00f3n de Mulleres Investigadoras e Tecn\u00f3logas, secci\u00f3n Galicia (AMIT-Gal); Asociaci\u00f3n .GAL; USC (Facultade de Ciencias da Educaci\u00f3n, Woman Emprende  e Oficina de Igualdade); Facultade de Inform\u00e1tica da UDC;  Escola de Enxe\u00f1ar\u00eda de Telecomunicaci\u00f3n da UVigo; Colectivos Hello Sisters! e GalsTech<\/p>\n\n\n\n<h6 class=\"wp-block-heading\"><a href=\"https:\/\/www.freepik.es\/vectores\/juegos-virtuales\"><em>Imaxe da cabeceira creada por pikisuperstar &#8211; www.freepik.es<\/em><\/a><\/h6>\n","protected":false},"excerpt":{"rendered":"<p>El 25 de abril de 2024 celebramos el D\u00eda Internacional de las Ni\u00f1as en las TIC en el Centro de Supercomputaci\u00f3n de Galicia! \u00a1Fue un d\u00eda repleto de actividades! Por la ma\u00f1ana realizamos un coloquio a trav\u00e9s de una multiconferencia web en la que participaron 4 profesionales gallegas, que compartieron de forma amena y detallada, su trayectoria profesional, en qu\u00e9 [&hellip;]<\/p>\n","protected":false},"author":1,"featured_media":2606,"parent":0,"menu_order":0,"comment_status":"closed","ping_status":"closed","template":"","meta":{"_mi_skip_tracking":false},"_links":{"self":[{"href":"https:\/\/e-learning.cesga.es\/ictgogirls\/wp-json\/wp\/v2\/pages\/2814"}],"collection":[{"href":"https:\/\/e-learning.cesga.es\/ictgogirls\/wp-json\/wp\/v2\/pages"}],"about":[{"href":"https:\/\/e-learning.cesga.es\/ictgogirls\/wp-json\/wp\/v2\/types\/page"}],"author":[{"embeddable":true,"href":"https:\/\/e-learning.cesga.es\/ictgogirls\/wp-json\/wp\/v2\/users\/1"}],"replies":[{"embeddable":true,"href":"https:\/\/e-learning.cesga.es\/ictgogirls\/wp-json\/wp\/v2\/comments?post=2814"}],"version-history":[{"count":44,"href":"https:\/\/e-learning.cesga.es\/ictgogirls\/wp-json\/wp\/v2\/pages\/2814\/revisions"}],"predecessor-version":[{"id":3304,"href":"https:\/\/e-learning.cesga.es\/ictgogirls\/wp-json\/wp\/v2\/pages\/2814\/revisions\/3304"}],"wp:featuredmedia":[{"embeddable":true,"href":"https:\/\/e-learning.cesga.es\/ictgogirls\/wp-json\/wp\/v2\/media\/2606"}],"wp:attachment":[{"href":"https:\/\/e-learning.cesga.es\/ictgogirls\/wp-json\/wp\/v2\/media?parent=2814"}],"curies":[{"name":"wp","href":"https:\/\/api.w.org\/{rel}","templated":true}]}}