{"id":2774,"date":"2023-04-21T10:00:33","date_gmt":"2023-04-21T08:00:33","guid":{"rendered":"https:\/\/e-learning.cesga.es\/ictgogirls\/dia-das-rapazas-nas-tic-2023-2\/"},"modified":"2023-05-03T12:35:40","modified_gmt":"2023-05-03T10:35:40","slug":"dia-das-rapazas-nas-tic-2023-2","status":"publish","type":"page","link":"https:\/\/e-learning.cesga.es\/ictgogirls\/en\/dia-das-rapazas-nas-tic-2023-2\/","title":{"rendered":"Girls in ICT Day 2023"},"content":{"rendered":"<div class=\"entry-content\">\n<p data-wp-editing=\"1\"><img decoding=\"async\" loading=\"lazy\" class=\"alignleft size-medium wp-image-2676\" src=\"https:\/\/e-learning.cesga.es\/ictgogirls\/wp-content\/uploads\/sites\/2\/2023\/03\/GirlsInICTDay23-300x159.png\" alt=\"\" width=\"300\" height=\"159\" srcset=\"https:\/\/e-learning.cesga.es\/ictgogirls\/wp-content\/uploads\/sites\/2\/2023\/03\/GirlsInICTDay23-300x159.png 300w, https:\/\/e-learning.cesga.es\/ictgogirls\/wp-content\/uploads\/sites\/2\/2023\/03\/GirlsInICTDay23-768x407.png 768w, https:\/\/e-learning.cesga.es\/ictgogirls\/wp-content\/uploads\/sites\/2\/2023\/03\/GirlsInICTDay23.png 813w\" sizes=\"(max-width: 300px) 100vw, 300px\" \/><\/p>\n<p id=\"page-title\" class=\"post-head title\">O d\u00eda <strong>27 de abril de 2023<\/strong> celebrarase o <strong>D\u00eda Internacional das rapazas nas TIC, e como dende o 2013 celebrar\u00e9molo dende o Centro de Supercomputaci\u00f3n de Galicia!<\/strong><\/p>\n<p><span id=\"page-title\" class=\"post-head title\" lang=\"es\"><span title=\"O pr\u00f3ximo 23 de abril \u00e9 o D\u00eda Internacional das rapazas nas TIC, e celebr\u00e1molo por todo o alto no CESGA! \"><strong>Ese d\u00eda teremos moitas actividades!\u00a0<\/strong><\/span><\/span><\/p>\n<p><span id=\"page-title\" class=\"post-head title\" lang=\"es\"><span title=\"O pr\u00f3ximo 23 de abril \u00e9 o D\u00eda Internacional das rapazas nas TIC, e celebr\u00e1molo por todo o alto no CESGA! \"><strong>Pola ma\u00f1\u00e1 teremos un coloquio mediante multiconferencia web<\/strong> na que participar\u00e1n 4 profesionais galegas que traballan a diario coas tecnolox\u00edas, que contar\u00e1n, dun xeito ameno e polo mi\u00fado oa s\u00faa traxectoria, no que traballan, e o que a tecnolox\u00eda pode aportar en diversos campos para mellorar a vida de tod@s. Dende os centros escolares de primaria e secundaria, rapazas e rapaces poder\u00e1n enviarlles\u00a0 as s\u00faas preguntas e inquedanzas en directo para poder ter ese di\u00e1logo directo con elas.<br \/>\n<\/span><\/span><\/p>\n<p><strong>Pola tarde, teremos varios obradoiros tecnol\u00f3xicos<\/strong> dirixidos a rapazas e rapaces de entre 10 a 16 anos no CESGA, <strong>adem\u00e1is de xogos e visitas ao noso superordenador FinisTerrae III.<\/strong> As plazas ser\u00e1n limitadas, as\u00ed que non deixedes a inscripci\u00f3n para o \u00faltimo d\u00eda.<\/p>\n<p><strong>Non sabedes o que \u00e9 o<\/strong> <strong>D\u00eda Internacional das Rapazas nas TIC<\/strong>? \u00c9 unha celebraci\u00f3n a nivel internacional, orientada a motivar \u00e1s novas xeraci\u00f3ns de mozas para que consideren o \u00e1mbito das TIC para o seu desenvolvemento acad\u00e9mico, investigador e profesional. \u00a0<a href=\"https:\/\/www.itu.int\/women-and-girls\/girls-in-ict\/\" target=\"_blank\" rel=\"noopener noreferrer\">Aqu\u00ed est\u00e1 toda a informaci\u00f3n do movemento a nivel internacional<\/a>.<\/p>\n<p>Para saber m\u00e1is o <strong>que \u00e9 o CESGA<\/strong> (Centro de Supercomputaci\u00f3n de Galicia) e a supercomputaci\u00f3n, mira este v\u00eddeo.<br \/>\n<iframe loading=\"lazy\" title=\"YouTube video player\" src=\"https:\/\/www.youtube.com\/embed\/-C_waJySI7w?controls=0\" width=\"560\" height=\"315\" frameborder=\"0\" allowfullscreen=\"allowfullscreen\" data-mce-fragment=\"1\"><\/iframe><\/p>\n<h3>Participantes do coloquio do D\u00eda das Rapazas nas TIC 2023<\/h3>\n<p>Este ano teremos a honra de contar coas seguintes referentes TIC galegas:<\/p>\n<table>\n<tbody>\n<tr>\n<td><img decoding=\"async\" loading=\"lazy\" class=\"wp-image-2670 size-medium aligncenter\" src=\"https:\/\/e-learning.cesga.es\/ictgogirls\/wp-content\/uploads\/sites\/2\/2023\/03\/Mariamo_2-295x300.png\" alt=\"\" width=\"295\" height=\"300\" srcset=\"https:\/\/e-learning.cesga.es\/ictgogirls\/wp-content\/uploads\/sites\/2\/2023\/03\/Mariamo_2-295x300.png 295w, https:\/\/e-learning.cesga.es\/ictgogirls\/wp-content\/uploads\/sites\/2\/2023\/03\/Mariamo_2.png 305w\" sizes=\"(max-width: 295px) 100vw, 295px\" \/><\/td>\n<td><strong>Mariamo Mussa Juane <\/strong>di que estudiou f\u00edsica por preguntona e doutoruse en f\u00edsica de sistemas complexos por curiosa. Ambas teimas venc\u00e9llrona a Santiago de Compostela. A palabra complexidade significa cualidade do enteiramente enredado. Unha formiga, unha papoula, un terremoto, unha nube, ou mesmo unha computadora, todos eles, son sistemas complexos. Na actualidade, traballa no CESGA. Coordina un grupo de computaci\u00f3n cu\u00e1ntica, un paradigma novo da computaci\u00f3n baseado na mec\u00e1nica cu\u00e1ntica. Adic\u00e1se a crear algoritmos cu\u00e1nticos que esixen novas maneiras de ollar. Que ter\u00e1 que ver a f\u00edsica dos sistemas complexos coa computaci\u00f3n cu\u00e1ntica?<\/td>\n<\/tr>\n<tr>\n<td><strong>Esther Medina<\/strong> \u00e9 a xefa de Innovaci\u00f3n no Entorno Dixital da Corporaci\u00f3n RTVG. Estudou Enxe\u00f1er\u00eda de Telecomunicaci\u00f3ns, fixo un m\u00e1ster en Tecnolox\u00edas da Informaci\u00f3n e as Comunicaci\u00f3ns orientado a Internet na USC. Tam\u00e9n \u00e9 MBA e Doutora pola U. Vigo no Programa de Doutoramento en An\u00e1lise Econ\u00f3mica e Estratexia Empresarial. Actualmente tam\u00e9n forma parte da C\u00e1tedra Afaga-Atendo Idadismo UVigo. Defende a tecnolox\u00eda como parte da evoluci\u00f3n natural. \u00c9 unha apaixonada do momento que estamos a vivir a nivel de transformaci\u00f3n dixital. Durante a s\u00faa traxectoria profesional dirixiu, dese\u00f1ou e executou multitude de proxectos vinculados sempre ao \u00e1mbito tecnol\u00f3xico, dixital e audiovisual. Nestes momentos, dous dos proxectos que lidera est\u00e1n relacionados co Big Data e coa futura OTT da Corporaci\u00f3n RTVG.<\/td>\n<td><img decoding=\"async\" loading=\"lazy\" class=\"size-medium wp-image-2669 aligncenter\" src=\"https:\/\/e-learning.cesga.es\/ictgogirls\/wp-content\/uploads\/sites\/2\/2023\/03\/Esther_2-300x300.jpg\" alt=\"\" width=\"300\" height=\"300\" srcset=\"https:\/\/e-learning.cesga.es\/ictgogirls\/wp-content\/uploads\/sites\/2\/2023\/03\/Esther_2-300x300.jpg 300w, https:\/\/e-learning.cesga.es\/ictgogirls\/wp-content\/uploads\/sites\/2\/2023\/03\/Esther_2-150x150.jpg 150w, https:\/\/e-learning.cesga.es\/ictgogirls\/wp-content\/uploads\/sites\/2\/2023\/03\/Esther_2.jpg 600w\" sizes=\"(max-width: 300px) 100vw, 300px\" \/><\/td>\n<\/tr>\n<tr>\n<td><img decoding=\"async\" loading=\"lazy\" class=\"aligncenter size-medium wp-image-2671\" src=\"https:\/\/e-learning.cesga.es\/ictgogirls\/wp-content\/uploads\/sites\/2\/2023\/03\/Foto-Alba-Meijide-300x300.jpg\" alt=\"\" width=\"300\" height=\"300\" srcset=\"https:\/\/e-learning.cesga.es\/ictgogirls\/wp-content\/uploads\/sites\/2\/2023\/03\/Foto-Alba-Meijide-300x300.jpg 300w, https:\/\/e-learning.cesga.es\/ictgogirls\/wp-content\/uploads\/sites\/2\/2023\/03\/Foto-Alba-Meijide-150x150.jpg 150w, https:\/\/e-learning.cesga.es\/ictgogirls\/wp-content\/uploads\/sites\/2\/2023\/03\/Foto-Alba-Meijide.jpg 600w\" sizes=\"(max-width: 300px) 100vw, 300px\" \/><\/td>\n<td><strong>Alba Meijide<\/strong>, nada na Coru\u00f1a, \u00e9 licenciada en Intelixencia Artificial pola Universidade de Manchester, onde posteriormente completou os seus estudos co M\u00e1ster of Engineering en IA. A s\u00faa actividade laboral comezou coa coordinaci\u00f3n e xesti\u00f3n no congreso internacional &#8220;Mundos Digitales&#8221;, e desenvolve a s\u00faa actividade profesional como consultora e dese\u00f1adora de proxectos baseados en Intelixencia Artificial, para empresas tanto nacionais como internacionais en sectores moi variados. Estes proxectos foron compaxinados recentemente co cargo de Comisaria da exposici\u00f3n &#8220;AI: More than Human&#8221; na Coru\u00f1a, unha exposici\u00f3n sen precedentes dos desenvolvementos creativos e cient\u00edficos da Intelixencia Artificial, onde tam\u00e9n se encargou do dese\u00f1o do \u00fanico desenvolvemento nacional inclu\u00eddo na mostra.<\/td>\n<\/tr>\n<tr>\n<td><strong>Carmela Troncoso <\/strong>\u00e9 unha enxe\u00f1eira de telecomunicaci\u00f3ns galega que, tras estudiar na Universidade de Vigo, doutorouse na universidade KU Leuven en B\u00e9lxica en Enxe\u00f1ar\u00eda de Telecomunicaci\u00f3ns. Actualmente \u00e9 profesora na Escola Polit\u00e9cnica Federal de Lausana, Suiza, e dirixe o Laboratorio SPRING, especializado en privacidade e seguridade, na mesma universidade. Ten recibido m\u00faltiples galard\u00f3ns e reco\u00f1ecementos ao longo da s\u00faa carreira, como\u00a0 o de Mellor docente de ciencias da computaci\u00f3n do EPFL (2022) e a Revista Fortune inclu\u00eduna no 2020 no prestixioso grupo das 40 l\u00edderes emerxentes \u00a0 polo seu papel principal na construci\u00f3n do sistema de rastrexo de proximidade descentralizado para preservar a privacidade ou DP-3T, que foi \u00e9 a unha aplicaci\u00f3n de rastrexo que serve para frear a propagaci\u00f3n da enfermidade en Su\u00edza.<\/td>\n<td><img decoding=\"async\" loading=\"lazy\" class=\"size-medium wp-image-2688 aligncenter\" src=\"https:\/\/e-learning.cesga.es\/ictgogirls\/wp-content\/uploads\/sites\/2\/2023\/03\/Carmela2-300x300.jpg\" alt=\"\" width=\"300\" height=\"300\" srcset=\"https:\/\/e-learning.cesga.es\/ictgogirls\/wp-content\/uploads\/sites\/2\/2023\/03\/Carmela2-300x300.jpg 300w, https:\/\/e-learning.cesga.es\/ictgogirls\/wp-content\/uploads\/sites\/2\/2023\/03\/Carmela2-1024x1024.jpg 1024w, https:\/\/e-learning.cesga.es\/ictgogirls\/wp-content\/uploads\/sites\/2\/2023\/03\/Carmela2-150x150.jpg 150w, https:\/\/e-learning.cesga.es\/ictgogirls\/wp-content\/uploads\/sites\/2\/2023\/03\/Carmela2-768x768.jpg 768w, https:\/\/e-learning.cesga.es\/ictgogirls\/wp-content\/uploads\/sites\/2\/2023\/03\/Carmela2-1536x1536.jpg 1536w, https:\/\/e-learning.cesga.es\/ictgogirls\/wp-content\/uploads\/sites\/2\/2023\/03\/Carmela2-2048x2048.jpg 2048w\" sizes=\"(max-width: 300px) 100vw, 300px\" \/><\/td>\n<\/tr>\n<\/tbody>\n<\/table>\n<p>Podes seguir e difundir toda a informaci\u00f3n do evento e as nosas actividades nesta web ou en:<\/p>\n<ul>\n<li>Facebook:\u00a0<a href=\"https:\/\/www.facebook.com\/ICTGoGirls\" target=\"_blank\" rel=\"noopener noreferrer\">https:\/\/www.facebook.com\/ICTGoGirls<\/a><\/li>\n<li>Twitter:\u00a0<a href=\"https:\/\/twitter.com\/ICTGoGirls\" target=\"_blank\" rel=\"noopener noreferrer\">https:\/\/twitter.com\/ICTGoGirls<\/a><\/li>\n<li>Youtube:\u00a0<a href=\"https:\/\/www.youtube.com\/playlist?list=PLaYnwE2ZurwETyjAShB6_XNmWYnHQycAf\" target=\"_blank\" rel=\"noopener noreferrer\">https:\/\/www.youtube.com\/playlist?list=PLaYnwE2ZurwETyjAShB6_XNmWYnHQycAf<\/a><\/li>\n<\/ul>\n<h3>Axenda:<\/h3>\n<p><strong>Xornada de ma\u00f1\u00e1<\/strong><\/p>\n<p>(borrador *confirmarase o horario nos pr\u00f3ximas datas)<\/p>\n<p>10:45 &#8211; 11:00 Benvida e presentaci\u00f3n institucional da Xornada<\/p>\n<p>11:00 &#8211; 12:30 <strong>Coloquio virtual<\/strong> das 4 relatoras invitadas e roldas de preguntas dende os centros educativos inscritos.<\/p>\n<p>12:30 &#8211; 13:30 Peche da charla virtual e visita guiada ao novo superordenador FinisTerrae III \u00e1os\/\u00e1s escolares e relatoras presentes no CESGA<\/p>\n<p><strong>Xornada de tarde<\/strong><\/p>\n<p>17:00 &#8211; 19:00 <strong>Obradoiros presenciais<\/strong> sobre tecnolox\u00edas orientados para rapazas e rapaces de 10 a 16 anos.<\/p>\n<h3><strong>Para inscribirse:<\/strong><\/h3>\n<p>Ambas actividades, de ma\u00f1\u00e1 e de tarde, requiren inscripci\u00f3n previa.<\/p>\n<p>A actividade dos obradoiros presenciais ten un n\u00famero de prazas limitado a 50 persoas.<\/p>\n<p>Nos pr\u00f3ximos d\u00edas incluiremos aqu\u00ed un formulario para participar. Se queres estar ao tanto para que te avisemos, <a href=\"mailto:e-learning@cesga.es\">escr\u00edbenos un correo<\/a>!<\/p>\n<h3>Organiza<\/h3>\n<p>Centro de Supercomputaci\u00f3n de Galicia (dependente de GAIN e CSIC), Secretar\u00eda Xeral de Igualdade da Xunta de Galicia e Colexio Profesional de Enxe\u00f1ar\u00eda Inform\u00e1tica (CPEIG).<\/p>\n<\/div>\n<h6><a href=\"https:\/\/www.freepik.es\/vectores\/juegos-virtuales\"><em>Imaxe da cabeceira creada por pikisuperstar &#8211; www.freepik.es<\/em><\/a><\/h6>\n","protected":false},"excerpt":{"rendered":"<p>O d\u00eda 27 de abril de 2023 celebrarase o D\u00eda Internacional das rapazas nas TIC, e como dende o 2013 celebrar\u00e9molo dende o Centro de Supercomputaci\u00f3n de Galicia! Ese d\u00eda teremos moitas actividades!\u00a0 Pola ma\u00f1\u00e1 teremos un coloquio mediante multiconferencia web na que participar\u00e1n 4 profesionais galegas que traballan a diario coas tecnolox\u00edas, que contar\u00e1n, dun xeito ameno e polo [&hellip;]<\/p>\n","protected":false},"author":1,"featured_media":0,"parent":0,"menu_order":0,"comment_status":"closed","ping_status":"closed","template":"","meta":{"_mi_skip_tracking":false},"_links":{"self":[{"href":"https:\/\/e-learning.cesga.es\/ictgogirls\/wp-json\/wp\/v2\/pages\/2774"}],"collection":[{"href":"https:\/\/e-learning.cesga.es\/ictgogirls\/wp-json\/wp\/v2\/pages"}],"about":[{"href":"https:\/\/e-learning.cesga.es\/ictgogirls\/wp-json\/wp\/v2\/types\/page"}],"author":[{"embeddable":true,"href":"https:\/\/e-learning.cesga.es\/ictgogirls\/wp-json\/wp\/v2\/users\/1"}],"replies":[{"embeddable":true,"href":"https:\/\/e-learning.cesga.es\/ictgogirls\/wp-json\/wp\/v2\/comments?post=2774"}],"version-history":[{"count":2,"href":"https:\/\/e-learning.cesga.es\/ictgogirls\/wp-json\/wp\/v2\/pages\/2774\/revisions"}],"predecessor-version":[{"id":2929,"href":"https:\/\/e-learning.cesga.es\/ictgogirls\/wp-json\/wp\/v2\/pages\/2774\/revisions\/2929"}],"wp:attachment":[{"href":"https:\/\/e-learning.cesga.es\/ictgogirls\/wp-json\/wp\/v2\/media?parent=2774"}],"curies":[{"name":"wp","href":"https:\/\/api.w.org\/{rel}","templated":true}]}}