{"id":165,"date":"2017-03-08T12:27:27","date_gmt":"2017-03-08T11:27:27","guid":{"rendered":"http:\/\/e-learning.cesga.es\/multisite\/ictgogirls\/?page_id=165"},"modified":"2023-04-21T12:49:17","modified_gmt":"2023-04-21T10:49:17","slug":"videomensajes-animando-a-las-chicas-a-interesarse-en-las-tic-2","status":"publish","type":"page","link":"https:\/\/e-learning.cesga.es\/ictgogirls\/videomensajes-animando-a-las-chicas-a-interesarse-en-las-tic-2\/","title":{"rendered":"Video mensaxes: animando a rapazas a interesarse polas TIC"},"content":{"rendered":"\n<p id=\"page-title\"><strong>Nieves Brisaboa<\/strong>, profesora , investigadora e directora do Laboratorio de Bases de Datos da Fac. de Inform\u00e1tica da Universidade de A Coru\u00f1a, anima as chicas a considerar a inform\u00e1tica no seu futuro laboral e de estudios. (Castel\u00e1n)<\/p>\n\n\n<p><iframe loading=\"lazy\" title=\"ICT-Go-Girls! Nieves Brisaboa, investigadora y profesora de la UDC\" width=\"640\" height=\"360\" src=\"https:\/\/www.youtube.com\/embed\/PyfcIJQUMHI?feature=oembed\" frameborder=\"0\" allow=\"accelerometer; autoplay; clipboard-write; encrypted-media; gyroscope; picture-in-picture; web-share\" allowfullscreen><\/iframe><\/p>\n\n\n\n<p><strong>Sabela Ramos Garea<\/strong>, investigadora do Grupo de Arquitectura de Computadores, Universidade da Coru\u00f1a, anima as chicas a considerar as TIC no seu futuro laboral e de estudios. (Castel\u00e1n)<\/p>\n\n\n<p><iframe loading=\"lazy\" title=\"ICT-Go-Girls! Sabela Ramos, investigadora del Grupo de Arquitectura de Computadores de la UDC\" width=\"640\" height=\"360\" src=\"https:\/\/www.youtube.com\/embed\/JJ3A3dAPki4?feature=oembed\" frameborder=\"0\" allow=\"accelerometer; autoplay; clipboard-write; encrypted-media; gyroscope; picture-in-picture; web-share\" allowfullscreen><\/iframe><\/p>\n\n\n\n<p><strong>Amparo Alonso Betanzos<\/strong> \u00e9 presidenta da Asociaci\u00f3n Espa\u00f1ola para la Inteligencia Artificial (AEPIA), adem\u00e1is de profesora da UDC, coordinadora do grupo de investigaci\u00f3n LIDIA. Neste v\u00eddeo anima as chicas a considerar as TIC no seu futuro laboral e de estudios, e conta c\u00f3mo comenzou a traballar neste campo. (Castel\u00e1n)<\/p>\n\n\n<p><iframe loading=\"lazy\" title=\"ICT-Go-Girls! Amparo Alonso Betanzos,  presidenta Asoc. Espa\u00f1ola para la Inteligencia Artificial\" width=\"640\" height=\"360\" src=\"https:\/\/www.youtube.com\/embed\/NNanbEH2Gyk?feature=oembed\" frameborder=\"0\" allow=\"accelerometer; autoplay; clipboard-write; encrypted-media; gyroscope; picture-in-picture; web-share\" allowfullscreen><\/iframe><\/p>\n\n\n\n<p><strong>Ana Freire<\/strong>, investigadora do Grupo de Ingenier\u00eda Telem\u00e1tica, Universidade da Coru\u00f1a, anima as chicas a considerar as TIC no seu futuro laboral e de estudios. (Castel\u00e1n)<\/p>\n\n\n<p><iframe loading=\"lazy\" title=\"ICT-Go-Girls! Ana Freire, investigadora del Grupo de Ingenier\u00eda Telem\u00e1tica UDC\" width=\"640\" height=\"360\" src=\"https:\/\/www.youtube.com\/embed\/GlnUh5hxgFs?feature=oembed\" frameborder=\"0\" allow=\"accelerometer; autoplay; clipboard-write; encrypted-media; gyroscope; picture-in-picture; web-share\" allowfullscreen><\/iframe><\/p>\n\n\n\n<p><u><strong>Maica Garc\u00eda<\/strong><\/u>, avogada e cofundadora de Frutifri.com, unha empresa de distribuci\u00f3n de fruta e productos alimenticios a trav\u00e9s de Internet. Neste v\u00eddeo anima as chicas a considerar as TIC no seu futuro laboral e de estudios, e conta c\u00f3mo comenzou ela a traballar neste campo.<\/p>\n\n\n<p><iframe loading=\"lazy\" title=\"ICT-Go-Girls! Maica Garc\u00eda, cofundadora de Frutifri.com\" width=\"640\" height=\"360\" src=\"https:\/\/www.youtube.com\/embed\/BD_mKrlbpnw?feature=oembed\" frameborder=\"0\" allow=\"accelerometer; autoplay; clipboard-write; encrypted-media; gyroscope; picture-in-picture; web-share\" allowfullscreen><\/iframe><\/p>\n\n\n\n<p>Lista de reproducci\u00f3n:<\/p>\n\n\n\n<figure class=\"wp-block-embed\"><div class=\"wp-block-embed__wrapper\">\nhttps:\/\/www.youtube.com\/playlist?list=PLaYnwE2ZurwETyjAShB6_XNmWYnHQycAf{:}\n<\/div><\/figure>\n","protected":false},"excerpt":{"rendered":"<p>Nieves Brisaboa, profesora , investigadora e directora do Laboratorio de Bases de Datos da Fac. de Inform\u00e1tica da Universidade de A Coru\u00f1a, anima as chicas a considerar a inform\u00e1tica no seu futuro laboral e de estudios. (Castel\u00e1n) Sabela Ramos Garea, investigadora do Grupo de Arquitectura de Computadores, Universidade da Coru\u00f1a, anima as chicas a considerar as TIC no seu futuro [&hellip;]<\/p>\n","protected":false},"author":1,"featured_media":0,"parent":0,"menu_order":2,"comment_status":"closed","ping_status":"closed","template":"","meta":{"_mi_skip_tracking":false},"_links":{"self":[{"href":"https:\/\/e-learning.cesga.es\/ictgogirls\/wp-json\/wp\/v2\/pages\/165"}],"collection":[{"href":"https:\/\/e-learning.cesga.es\/ictgogirls\/wp-json\/wp\/v2\/pages"}],"about":[{"href":"https:\/\/e-learning.cesga.es\/ictgogirls\/wp-json\/wp\/v2\/types\/page"}],"author":[{"embeddable":true,"href":"https:\/\/e-learning.cesga.es\/ictgogirls\/wp-json\/wp\/v2\/users\/1"}],"replies":[{"embeddable":true,"href":"https:\/\/e-learning.cesga.es\/ictgogirls\/wp-json\/wp\/v2\/comments?post=165"}],"version-history":[{"count":32,"href":"https:\/\/e-learning.cesga.es\/ictgogirls\/wp-json\/wp\/v2\/pages\/165\/revisions"}],"predecessor-version":[{"id":2854,"href":"https:\/\/e-learning.cesga.es\/ictgogirls\/wp-json\/wp\/v2\/pages\/165\/revisions\/2854"}],"wp:attachment":[{"href":"https:\/\/e-learning.cesga.es\/ictgogirls\/wp-json\/wp\/v2\/media?parent=165"}],"curies":[{"name":"wp","href":"https:\/\/api.w.org\/{rel}","templated":true}]}}