{"id":71,"date":"2018-07-24T14:57:47","date_gmt":"2018-07-24T12:57:47","guid":{"rendered":"http:\/\/e-learning.cesga.es\/h5p\/?page_id=71"},"modified":"2018-07-26T14:08:43","modified_gmt":"2018-07-26T12:08:43","slug":"tutoriales","status":"publish","type":"page","link":"https:\/\/e-learning.cesga.es\/h5p\/tutoriales\/","title":{"rendered":"Tutoriales"},"content":{"rendered":"<p>En esta secci\u00f3n a\u00f1adiremos recursos y ayudas para la creaci\u00f3n y uso de estos materiales:<\/p>\n<p><iframe loading=\"lazy\" width=\"750\" height=\"563\" src=\"https:\/\/www.youtube.com\/embed\/xo0r9FuQ4dg?feature=oembed\" frameborder=\"0\" allow=\"autoplay; encrypted-media\" allowfullscreen><\/iframe><\/p>\n<p>y \u00e9ste es el resultado del v\u00eddeo creado seg\u00fan el tutorial anterior:<\/p>\n<div class=\"h5p-iframe-wrapper\"><iframe id=\"h5p-iframe-4\" class=\"h5p-iframe\" data-content-id=\"4\" style=\"height:1px\" src=\"about:blank\" frameBorder=\"0\" scrolling=\"no\" title=\"v\u00eddeo interactivo de ejemplo\"><\/iframe><\/div>\n","protected":false},"excerpt":{"rendered":"<p>En esta secci\u00f3n a\u00f1adiremos recursos y ayudas para la creaci\u00f3n y uso de estos materiales: y \u00e9ste es el resultado del v\u00eddeo creado seg\u00fan el tutorial anterior:<\/p>\n","protected":false},"author":3,"featured_media":0,"parent":0,"menu_order":0,"comment_status":"closed","ping_status":"closed","template":"","meta":[],"_links":{"self":[{"href":"https:\/\/e-learning.cesga.es\/h5p\/wp-json\/wp\/v2\/pages\/71"}],"collection":[{"href":"https:\/\/e-learning.cesga.es\/h5p\/wp-json\/wp\/v2\/pages"}],"about":[{"href":"https:\/\/e-learning.cesga.es\/h5p\/wp-json\/wp\/v2\/types\/page"}],"author":[{"embeddable":true,"href":"https:\/\/e-learning.cesga.es\/h5p\/wp-json\/wp\/v2\/users\/3"}],"replies":[{"embeddable":true,"href":"https:\/\/e-learning.cesga.es\/h5p\/wp-json\/wp\/v2\/comments?post=71"}],"version-history":[{"count":5,"href":"https:\/\/e-learning.cesga.es\/h5p\/wp-json\/wp\/v2\/pages\/71\/revisions"}],"predecessor-version":[{"id":81,"href":"https:\/\/e-learning.cesga.es\/h5p\/wp-json\/wp\/v2\/pages\/71\/revisions\/81"}],"wp:attachment":[{"href":"https:\/\/e-learning.cesga.es\/h5p\/wp-json\/wp\/v2\/media?parent=71"}],"curies":[{"name":"wp","href":"https:\/\/api.w.org\/{rel}","templated":true}]}}