{"id":76,"date":"2019-01-09T12:43:47","date_gmt":"2019-01-09T12:43:47","guid":{"rendered":"http:\/\/e-learning.cesga.es\/escolasnanube\/?page_id=76"},"modified":"2023-04-24T07:37:06","modified_gmt":"2023-04-24T07:37:06","slug":"tecnologia","status":"publish","type":"page","link":"https:\/\/e-learning.cesga.es\/escolasnanube\/tecnologia\/","title":{"rendered":"Tecnolox\u00eda"},"content":{"rendered":"\n<p>O proxecto basease no aproveitamento do potencial da computaci\u00f3n cloud no \u00e1mbito educativo, nas s\u00faas caracter\u00edsticas m\u00e1is destacadas:<br>Software como servizo (SaaS), onde o software educativo non est\u00e1 instalado nos PCs de forma individual, sen\u00f3n accesible desde a Rede para todos os membros da comunidade educativa.<br>Plataforma como servizo (PaaS), facilitando a escalabilidade necesaria e a administraci\u00f3n remota<br>Infraestructura como servizo (IaaS) onde se ofrece unha soluci\u00f3n baseada na vitualizaci\u00f3n na que se paga por consumo de recursos: espazo en disco utilizado, tempo de CPU, espacio en base de datos, transferencia de datos, etc.<br>Tr\u00e1tase da aplicaci\u00f3n da computaci\u00f3n cloud sen fixarnos exclusivamente na optimizaci\u00f3n da provisi\u00f3n de servizos, sen\u00f3n que proporciona ao usuario final un acceso a unha plataforma sinxela que dea acceso e control sobre contidos e servizos \u00aben nube\u00bb.<br>Esta baseada en desenvolvementos de c\u00f3digo aberto, como oneye, Openmeetings, Xen, Nuba, etc. flexible e que permitir\u00e1 incorporar desenvolvementos externos segundo sexa necesario.<\/p>\n","protected":false},"excerpt":{"rendered":"<p>O proxecto basease no aproveitamento do potencial da computaci\u00f3n cloud no \u00e1mbito educativo, nas s\u00faas caracter\u00edsticas m\u00e1is destacadas:Software como servizo (SaaS), onde o software educativo non est\u00e1 instalado nos PCs de forma individual, sen\u00f3n accesible desde a Rede para todos os membros da comunidade educativa.Plataforma como servizo (PaaS), facilitando a escalabilidade necesaria e a administraci\u00f3n &hellip; <a href=\"https:\/\/e-learning.cesga.es\/escolasnanube\/tecnologia\/\" class=\"more-link\">Seguir leyendo <span class=\"screen-reader-text\">Tecnolox\u00eda<\/span> <span class=\"meta-nav\">&rarr;<\/span><\/a><\/p>\n","protected":false},"author":4,"featured_media":0,"parent":0,"menu_order":0,"comment_status":"closed","ping_status":"closed","template":"","meta":{"_mi_skip_tracking":false},"_links":{"self":[{"href":"https:\/\/e-learning.cesga.es\/escolasnanube\/wp-json\/wp\/v2\/pages\/76"}],"collection":[{"href":"https:\/\/e-learning.cesga.es\/escolasnanube\/wp-json\/wp\/v2\/pages"}],"about":[{"href":"https:\/\/e-learning.cesga.es\/escolasnanube\/wp-json\/wp\/v2\/types\/page"}],"author":[{"embeddable":true,"href":"https:\/\/e-learning.cesga.es\/escolasnanube\/wp-json\/wp\/v2\/users\/4"}],"replies":[{"embeddable":true,"href":"https:\/\/e-learning.cesga.es\/escolasnanube\/wp-json\/wp\/v2\/comments?post=76"}],"version-history":[{"count":5,"href":"https:\/\/e-learning.cesga.es\/escolasnanube\/wp-json\/wp\/v2\/pages\/76\/revisions"}],"predecessor-version":[{"id":238,"href":"https:\/\/e-learning.cesga.es\/escolasnanube\/wp-json\/wp\/v2\/pages\/76\/revisions\/238"}],"wp:attachment":[{"href":"https:\/\/e-learning.cesga.es\/escolasnanube\/wp-json\/wp\/v2\/media?parent=76"}],"curies":[{"name":"wp","href":"https:\/\/api.w.org\/{rel}","templated":true}]}}