{"id":75,"date":"2019-01-09T12:43:47","date_gmt":"2019-01-09T12:43:47","guid":{"rendered":"http:\/\/e-learning.cesga.es\/escolasnanube\/?page_id=75"},"modified":"2023-04-24T07:28:44","modified_gmt":"2023-04-24T07:28:44","slug":"proyecto","status":"publish","type":"page","link":"https:\/\/e-learning.cesga.es\/escolasnanube\/proyecto\/","title":{"rendered":"Proxecto"},"content":{"rendered":"\n<p>O <a href=\"http:\/\/www.cesga.es\" target=\"_blank\" rel=\"noreferrer noopener\">Centro de Supercomputaci\u00f3n de Galicia<\/a> e a empresa galega <a href=\"http:\/\/www.balidea.com\" target=\"_blank\" rel=\"noreferrer noopener\">Balidea Consulting and Programming<\/a> est\u00e1n a colaborar no dese\u00f1o, desenvolvemento e implementaci\u00f3n dunha \u00abRede de Escolas na Nube\u00bb baseada nas tecnolox\u00edas e formas de traballo na nube (computaci\u00f3n cloud). Este proxecto de innovaci\u00f3n educativa conta co apoio e participaci\u00f3n da Xunta de Galicia.<\/p>\n\n\n\n<p>Este proyecto de innovaci\u00f3n educativa cuenta con el apoyo de la Xunta de Galicia. El proyecto contin\u00faa el camino empezado por el proyecto de investigaci\u00f3n \u00ab<a href=\"http:\/\/rural.cesga.es\/\" target=\"_blank\" rel=\"noreferrer noopener\">Rural Schools &amp; Cloud Computing<\/a>\u00ab, y empieza en el curso 2012 con la participaci\u00f3n de 22 escuelas rurales, agrupadas en 4 C.R.A. (Colegio Rural Agrupado) de GaliciaO proxecto contin\u00faa o cami\u00f1o comezado polo proxecto de investigaci\u00f3n \u00ab<a href=\"http:\/\/rural.cesga.es\" target=\"_blank\" rel=\"noreferrer noopener\">Rural Schools &amp; Cloud Computing<\/a>\u00ab, e comeza no curso 2012 coa participaci\u00f3n de 23 escolas rurais, agrupadas en 4 C.R.A. de Galicia.<\/p>\n\n\n\n<p>O <strong>obxectivo xeral <\/strong>do proxecto \u00e9 o dese\u00f1o e validaci\u00f3n dun produto tecnol\u00f3xico de alta calidade e baixo custo que permita a utilizaci\u00f3n das TIC de forma efectiva para a mellora da aprendizaxe e a colaboraci\u00f3n nos pequenos colexios rurais, baseada en soluciones de cloud computing, virtualizaci\u00f3n e software libre.<\/p>\n\n\n\n<p>O proxecto pretende a posta no mercado dunha soluci\u00f3n que conte cunha aplicaci\u00f3n lixeira mediante navegador web para os usuarios finais (alumnos de diferentes idades, mestres, familias) utilizando unha arquitectura \u00e1xil para respostar a conexi\u00f3ns de baixa calidade, m\u00faltiples accesos concorrentes e diversidade de dispositivos de acceso, onde implementar as aplicaci\u00f3ns e servizos espec\u00edficos da escola para que se executen en infraestructuras remotas e se env\u00eden a todos os usuarios a trav\u00e9s de servidores tam\u00e9n remotos en Internet. Diferentes escolas poder\u00e1n ter as s\u00faas \u00e1reas de colaboraci\u00f3n e \u00e1reas propias de servizos virtuais.<\/p>\n\n\n\n<p><strong>\u00bfQue queremos conseguir con Rede de Escolas na Nube?<\/strong><br>1) Integrar zonas ailladas xeogr\u00e1ficamente e fomentar a participaci\u00f3n das familias na educaci\u00f3n dos seus fillos.<br>2) Ofrecer visibilidade aos pa\u00eds das actividades dos fillos e fomentar a cultura da colaboraci\u00f3n e participaci\u00f3n:<br>3) Crear unha contorna social virtual para a rede de colexios onde se poida compartir, aprender e pedir axuda sobre o proxecto, a s\u00faa implementaci\u00f3n e evoluci\u00f3n. Esta contorna deber\u00eda compartir a filosof\u00eda de aprendizaxe e colaboraci\u00f3n social da \u201cnube\u201d e permitir o acceso e intercambio entre os distintos centros desde as s\u00faas \u201cnubes\u201d individuais<br>4) Dese\u00f1ar e implementar un sistema de avaliaci\u00f3n continua, de revisi\u00f3n da efectividade da soluci\u00f3n e de satisfacci\u00f3n da comunidade educativa, para garantir que a soluci\u00f3n contrib\u00faa de maneira efectiva e mesurable na educaci\u00f3n dos alumnos e na colaboraci\u00f3n e comunicaci\u00f3n entre docentes e o resto da comunidade educativa.<br>5) Avaliar a extensi\u00f3n do modelo a outros niveis educativos como ciclos formativos, centros universitarios, etc\u2026<br>6) Realizar labores de difusi\u00f3n e colaboraci\u00f3n con outras comunidades educativas a nivel mundial para a transferencia de co\u00f1ecemento e desenvolvemento de melloras da soluci\u00f3n.<\/p>\n","protected":false},"excerpt":{"rendered":"<p>O Centro de Supercomputaci\u00f3n de Galicia e a empresa galega Balidea Consulting and Programming est\u00e1n a colaborar no dese\u00f1o, desenvolvemento e implementaci\u00f3n dunha \u00abRede de Escolas na Nube\u00bb baseada nas tecnolox\u00edas e formas de traballo na nube (computaci\u00f3n cloud). Este proxecto de innovaci\u00f3n educativa conta co apoio e participaci\u00f3n da Xunta de Galicia. Este proyecto &hellip; <a href=\"https:\/\/e-learning.cesga.es\/escolasnanube\/proyecto\/\" class=\"more-link\">Seguir leyendo <span class=\"screen-reader-text\">Proxecto<\/span> <span class=\"meta-nav\">&rarr;<\/span><\/a><\/p>\n","protected":false},"author":4,"featured_media":0,"parent":0,"menu_order":0,"comment_status":"closed","ping_status":"closed","template":"","meta":{"_mi_skip_tracking":false},"_links":{"self":[{"href":"https:\/\/e-learning.cesga.es\/escolasnanube\/wp-json\/wp\/v2\/pages\/75"}],"collection":[{"href":"https:\/\/e-learning.cesga.es\/escolasnanube\/wp-json\/wp\/v2\/pages"}],"about":[{"href":"https:\/\/e-learning.cesga.es\/escolasnanube\/wp-json\/wp\/v2\/types\/page"}],"author":[{"embeddable":true,"href":"https:\/\/e-learning.cesga.es\/escolasnanube\/wp-json\/wp\/v2\/users\/4"}],"replies":[{"embeddable":true,"href":"https:\/\/e-learning.cesga.es\/escolasnanube\/wp-json\/wp\/v2\/comments?post=75"}],"version-history":[{"count":8,"href":"https:\/\/e-learning.cesga.es\/escolasnanube\/wp-json\/wp\/v2\/pages\/75\/revisions"}],"predecessor-version":[{"id":226,"href":"https:\/\/e-learning.cesga.es\/escolasnanube\/wp-json\/wp\/v2\/pages\/75\/revisions\/226"}],"wp:attachment":[{"href":"https:\/\/e-learning.cesga.es\/escolasnanube\/wp-json\/wp\/v2\/media?parent=75"}],"curies":[{"name":"wp","href":"https:\/\/api.w.org\/{rel}","templated":true}]}}