{"id":52,"date":"2019-01-08T11:01:09","date_gmt":"2019-01-08T11:01:09","guid":{"rendered":"http:\/\/e-learning.cesga.es\/escolasnanube\/?page_id=52"},"modified":"2023-04-24T07:34:11","modified_gmt":"2023-04-24T07:34:11","slug":"centros","status":"publish","type":"page","link":"https:\/\/e-learning.cesga.es\/escolasnanube\/centros\/","title":{"rendered":"Centros"},"content":{"rendered":"<p class=\"itemText\">O proxecto Rede de Escolas na Nube comeza no curso 2012 con catro centros rurais agrupados que comprenden 23 escolas unitarias nas provincias de Ourense, Coru\u00f1a e Pontevedra:<\/p>\n<ol>\n<li><span style=\"font-family: tahoma;\">CRA Boqueix\u00f3n-Vedra (6 escolas) <\/span><\/li>\n<li><span style=\"font-family: tahoma;\">CRA Nosa Se\u00f1ora do Faro &#8211; Ponteceso <\/span><span style=\"font-family: tahoma;\">(9 escolas) <\/span><\/li>\n<li><span style=\"font-family: tahoma;\">CRA Vilaboa <\/span><span style=\"font-family: tahoma;\">(5 escolas) <\/span><\/li>\n<li><span style=\"font-family: tahoma;\">CRA Amencer &#8211; Ribadavia <\/span><span style=\"font-family: tahoma;\">(3 escolas<\/span><\/li>\n<\/ol>\n","protected":false},"excerpt":{"rendered":"<p>O proxecto Rede de Escolas na Nube comeza no curso 2012 con catro centros rurais agrupados que comprenden 23 escolas unitarias nas provincias de Ourense, Coru\u00f1a e Pontevedra: CRA Boqueix\u00f3n-Vedra (6 escolas) CRA Nosa Se\u00f1ora do Faro &#8211; Ponteceso (9 escolas) CRA Vilaboa (5 escolas) CRA Amencer &#8211; Ribadavia (3 escolas<\/p>\n","protected":false},"author":4,"featured_media":0,"parent":0,"menu_order":0,"comment_status":"closed","ping_status":"closed","template":"","meta":{"_mi_skip_tracking":false},"_links":{"self":[{"href":"https:\/\/e-learning.cesga.es\/escolasnanube\/wp-json\/wp\/v2\/pages\/52"}],"collection":[{"href":"https:\/\/e-learning.cesga.es\/escolasnanube\/wp-json\/wp\/v2\/pages"}],"about":[{"href":"https:\/\/e-learning.cesga.es\/escolasnanube\/wp-json\/wp\/v2\/types\/page"}],"author":[{"embeddable":true,"href":"https:\/\/e-learning.cesga.es\/escolasnanube\/wp-json\/wp\/v2\/users\/4"}],"replies":[{"embeddable":true,"href":"https:\/\/e-learning.cesga.es\/escolasnanube\/wp-json\/wp\/v2\/comments?post=52"}],"version-history":[{"count":10,"href":"https:\/\/e-learning.cesga.es\/escolasnanube\/wp-json\/wp\/v2\/pages\/52\/revisions"}],"predecessor-version":[{"id":232,"href":"https:\/\/e-learning.cesga.es\/escolasnanube\/wp-json\/wp\/v2\/pages\/52\/revisions\/232"}],"wp:attachment":[{"href":"https:\/\/e-learning.cesga.es\/escolasnanube\/wp-json\/wp\/v2\/media?parent=52"}],"curies":[{"name":"wp","href":"https:\/\/api.w.org\/{rel}","templated":true}]}}