{"id":213,"date":"2023-04-24T07:16:19","date_gmt":"2023-04-24T07:16:19","guid":{"rendered":"https:\/\/e-learning.cesga.es\/escolasnanube\/a-nosa-nube\/"},"modified":"2023-04-24T07:57:32","modified_gmt":"2023-04-24T07:57:32","slug":"a-nosa-nube","status":"publish","type":"page","link":"https:\/\/e-learning.cesga.es\/escolasnanube\/es\/a-nosa-nube\/","title":{"rendered":"Nuestra nube"},"content":{"rendered":"\n<p>\u00a1Bienvenido a nuestra nube! Este espacio es nuestra oportunidad para compartir con todos la innovadora experiencia educativa y tecnol\u00f3gica que estamos llevando a cabo en las escuelas rurales de Galicia.<\/p>\n\n\n\n<p>Nuestro proyecto pretende analizar y dise\u00f1ar un marco y unos servicios basados en el cloud computing que sirvan de soporte a una metodolog\u00eda de trabajo colaborativa, comunicativa y apoyada en las TIC para mejorar la educaci\u00f3n y la colaboraci\u00f3n en las escuelas rurales dispersas de Galicia.<\/p>\n\n\n\n<p>Este proyecto parte de la experiencia adquirida en otro proyecto de investigaci\u00f3n, \u00abEscuelas Rurales y Cloud Computing\u00bb, que fue un proyecto piloto en el que comenzamos a dise\u00f1ar una \u00abnube\u00bb basada en software abierto e infraestructura cloud para una escuela rural.<\/p>\n\n\n\n<p>Nuestra nube es el entorno de trabajo (un sistema operativo virtual) que se utiliza en las escuelas para acceder a los recursos, herramientas y archivos que compartimos.<\/p>\n\n\n\n<p>En este v\u00eddeo puedes ver sus principales caracter\u00edsticas:<\/p>\n\n\n\n<figure class=\"wp-block-embed is-type-video is-provider-youtube wp-block-embed-youtube wp-embed-aspect-16-9 wp-has-aspect-ratio\"><div class=\"wp-block-embed__wrapper\">\n<iframe loading=\"lazy\" title=\"Hablan los protagonistas de las &quot;escolas na nube&quot;\" width=\"604\" height=\"340\" src=\"https:\/\/www.youtube.com\/embed\/XbItPCxevZo?feature=oembed\" frameborder=\"0\" allow=\"accelerometer; autoplay; clipboard-write; encrypted-media; gyroscope; picture-in-picture; web-share\" allowfullscreen><\/iframe>\n<\/div><\/figure>\n","protected":false},"excerpt":{"rendered":"<p>\u00a1Bienvenido a nuestra nube! Este espacio es nuestra oportunidad para compartir con todos la innovadora experiencia educativa y tecnol\u00f3gica que estamos llevando a cabo en las escuelas rurales de Galicia. Nuestro proyecto pretende analizar y dise\u00f1ar un marco y unos servicios basados en el cloud computing que sirvan de soporte a una metodolog\u00eda de trabajo &hellip; <a href=\"https:\/\/e-learning.cesga.es\/escolasnanube\/es\/a-nosa-nube\/\" class=\"more-link\">Seguir leyendo <span class=\"screen-reader-text\">Nuestra nube<\/span> <span class=\"meta-nav\">&rarr;<\/span><\/a><\/p>\n","protected":false},"author":1,"featured_media":0,"parent":0,"menu_order":0,"comment_status":"closed","ping_status":"closed","template":"","meta":{"_mi_skip_tracking":false},"_links":{"self":[{"href":"https:\/\/e-learning.cesga.es\/escolasnanube\/wp-json\/wp\/v2\/pages\/213"}],"collection":[{"href":"https:\/\/e-learning.cesga.es\/escolasnanube\/wp-json\/wp\/v2\/pages"}],"about":[{"href":"https:\/\/e-learning.cesga.es\/escolasnanube\/wp-json\/wp\/v2\/types\/page"}],"author":[{"embeddable":true,"href":"https:\/\/e-learning.cesga.es\/escolasnanube\/wp-json\/wp\/v2\/users\/1"}],"replies":[{"embeddable":true,"href":"https:\/\/e-learning.cesga.es\/escolasnanube\/wp-json\/wp\/v2\/comments?post=213"}],"version-history":[{"count":2,"href":"https:\/\/e-learning.cesga.es\/escolasnanube\/wp-json\/wp\/v2\/pages\/213\/revisions"}],"predecessor-version":[{"id":268,"href":"https:\/\/e-learning.cesga.es\/escolasnanube\/wp-json\/wp\/v2\/pages\/213\/revisions\/268"}],"wp:attachment":[{"href":"https:\/\/e-learning.cesga.es\/escolasnanube\/wp-json\/wp\/v2\/media?parent=213"}],"curies":[{"name":"wp","href":"https:\/\/api.w.org\/{rel}","templated":true}]}}